{"id":4553,"date":"2025-11-02T18:38:47","date_gmt":"2025-11-02T18:38:47","guid":{"rendered":"https:\/\/decoranimal.com\/product\/mainecoon-keychain\/"},"modified":"2025-11-02T19:24:30","modified_gmt":"2025-11-02T19:24:30","slug":"mainecoon-keychain","status":"publish","type":"product","link":"https:\/\/decoranimal.com\/pt-pt\/produto\/mainecoon-keychain\/","title":{"rendered":"Chaveiro Maine Coon"},"content":{"rendered":"<p data-start=\"134\" data-end=\"189\"><strong data-start=\"134\" data-end=\"187\">Chaveiro Maine Coon &#8211; Acess\u00f3rio Fofo e Minimalista<\/strong><\/p>\n<p data-start=\"191\" data-end=\"421\">Leve um toque de encanto para todos os lugares com o nosso <strong data-start=\"241\" data-end=\"264\">chaveiro de maine coon<\/strong>. Com um design minimalista e ador\u00e1vel, este chaveiro \u00e9 o acess\u00f3rio perfeito para os amantes de gatos que querem manter sua ra\u00e7a favorita sempre \u00e0 m\u00e3o.<\/p>\n<p data-start=\"423\" data-end=\"650\">Confeccionado com materiais dur\u00e1veis, apresenta uma figura detalhada que adiciona personalidade \u00e0s suas chaves, bolsas ou mochilas. Leve e pr\u00e1tico, n\u00e3o \u00e9 apenas um porta-chaves funcional, mas tamb\u00e9m uma pe\u00e7a elegante e atraente.<\/p>\n<ul>\n<li data-start=\"652\" data-end=\"892\"><strong data-start=\"655\" data-end=\"685\">Design ador\u00e1vel de maine coon<\/strong> &#8211; perfeito para amantes de gatos<\/li>\n<li data-start=\"652\" data-end=\"892\"><strong data-start=\"716\" data-end=\"741\">Dur\u00e1vel e leve<\/strong> \u2013 constru\u00eddo para uso di\u00e1rio<\/li>\n<li data-start=\"652\" data-end=\"892\"><strong data-start=\"773\" data-end=\"796\">Acess\u00f3rio vers\u00e1til <\/strong>\u2013 use em chaves, bolsas ou mochilas<\/li>\n<li data-start=\"652\" data-end=\"892\"><strong data-start=\"843\" data-end=\"874\" data-is-only-node=\"\">Estilo minimalista e moderno<\/strong> \u2013 combina com qualquer visual<\/li>\n<\/ul>\n<p data-start=\"894\" data-end=\"1106\">Este <strong data-start=\"899\" data-end=\"922\">chaveiro de maine coon<\/strong> tamb\u00e9m \u00e9 um presente atencioso para donos de animais e entusiastas de gatos. Fofo, funcional e cheio de personalidade \u2013 o pequeno acess\u00f3rio perfeito para alegrar o seu dia a dia.<\/p>\n<p data-start=\"62\" data-end=\"86\"><strong data-start=\"62\" data-end=\"84\">Dimens\u00f5es do produto:<\/strong><\/p>\n<ul>\n<li><strong data-start=\"89\" data-end=\"99\">Tamnho S<\/strong>: 3.5cm (W) \u00d7 4.9cm (H) \u00d7 3.7cm (D)<\/li>\n<\/ul>\n<ul data-start=\"87\" data-end=\"186\">\n<li data-start=\"87\" data-end=\"136\">\n<p data-start=\"89\" data-end=\"136\"><strong data-start=\"89\" data-end=\"99\">Tamnho M<\/strong>: 4.4cm (W) \u00d7 6.1cm (H) \u00d7 4.7cm (D)<\/p>\n<\/li>\n<li><strong data-start=\"89\" data-end=\"99\">Tamnho L<\/strong>: 5.5cm (W) \u00d7 7.7cm (H) \u00d7 5.8cm (D)<\/li>\n<\/ul>\n","protected":false},"excerpt":{"rendered":"<p>Leve um toque de encanto para todos os lugares com o nosso <strong>chaveiro de maine coon<\/strong>. Com um design minimalista e ador\u00e1vel, este chaveiro \u00e9 o acess\u00f3rio perfeito para os amantes de gatos que querem manter sua ra\u00e7a favorita sempre \u00e0 m\u00e3o.<\/p>\n","protected":false},"featured_media":4302,"comment_status":"open","ping_status":"closed","template":"","meta":[],"product_brand":[],"product_cat":[146],"product_tag":[],"class_list":{"0":"post-4553","1":"product","2":"type-product","3":"status-publish","4":"has-post-thumbnail","6":"product_cat-acessorios-para-pets","7":"pa_color-beige","8":"pa_color-cinza","9":"pa_color-marrom","11":"first","12":"instock","13":"shipping-taxable","14":"purchasable","15":"product-type-variable"},"_links":{"self":[{"href":"https:\/\/decoranimal.com\/pt-pt\/wp-json\/wp\/v2\/product\/4553","targetHints":{"allow":["GET"]}}],"collection":[{"href":"https:\/\/decoranimal.com\/pt-pt\/wp-json\/wp\/v2\/product"}],"about":[{"href":"https:\/\/decoranimal.com\/pt-pt\/wp-json\/wp\/v2\/types\/product"}],"replies":[{"embeddable":true,"href":"https:\/\/decoranimal.com\/pt-pt\/wp-json\/wp\/v2\/comments?post=4553"}],"wp:featuredmedia":[{"embeddable":true,"href":"https:\/\/decoranimal.com\/pt-pt\/wp-json\/wp\/v2\/media\/4302"}],"wp:attachment":[{"href":"https:\/\/decoranimal.com\/pt-pt\/wp-json\/wp\/v2\/media?parent=4553"}],"wp:term":[{"taxonomy":"product_brand","embeddable":true,"href":"https:\/\/decoranimal.com\/pt-pt\/wp-json\/wp\/v2\/product_brand?post=4553"},{"taxonomy":"product_cat","embeddable":true,"href":"https:\/\/decoranimal.com\/pt-pt\/wp-json\/wp\/v2\/product_cat?post=4553"},{"taxonomy":"product_tag","embeddable":true,"href":"https:\/\/decoranimal.com\/pt-pt\/wp-json\/wp\/v2\/product_tag?post=4553"}],"curies":[{"name":"wp","href":"https:\/\/api.w.org\/{rel}","templated":true}]}}