{"id":3493,"date":"2025-10-14T15:58:58","date_gmt":"2025-10-14T15:58:58","guid":{"rendered":"https:\/\/decoranimal.com\/?post_type=product&#038;p=3493"},"modified":"2025-10-23T18:41:58","modified_gmt":"2025-10-23T18:41:58","slug":"the-side-table","status":"publish","type":"product","link":"https:\/\/decoranimal.com\/pt-pt\/produto\/the-side-table\/","title":{"rendered":"The Side Table"},"content":{"rendered":"<p>D\u00ea ao seu amigo peludo o conforto que ele merece com nossa cama minimalista para pets, inspirada no formato de uma mesa lateral. Projetada com uma estrutura \u00fanica em forma de quebra-cabe\u00e7a, esta cama combina funcionalidade, estilo e durabilidade, tornando-se a adi\u00e7\u00e3o perfeita para qualquer casa moderna.<\/p>\n<p>Feito de madeira premium e tecido de alta qualidade, esta cama para pets com mesa lateral \u00e9 ao mesmo tempo robusta e elegante. A montagem em formato de quebra-cabe\u00e7a facilita a instala\u00e7\u00e3o, torna a cama robusta depois de montada e visualmente impressionante com suas linhas limpas e silhueta minimalista. Seu design oferece ao seu pet uma sensa\u00e7\u00e3o acolhedora de abrigo, enquanto se integra perfeitamente aos interiores contempor\u00e2neos.<\/p>\n<ul>\n<li>Design minimalista que complementa espa\u00e7os modernos<\/li>\n<li>Estrutura em formato de quebra-cabe\u00e7a \u2013 f\u00e1cil de montar, s\u00f3lida e dur\u00e1vel<\/li>\n<li>Feito com madeira e tecido para um acabamento natural e robusto<\/li>\n<li>Mesa lateral que tamb\u00e9m oferece conforto e seguran\u00e7a aos seus pets.<\/li>\n<\/ul>\n<p>Esta cama minimalista para pets com mesa lateral \u00e9 mais do que um simples m\u00f3vel \u2013 \u00e9 um ref\u00fagio elegante e funcional para o seu cachorro ou gato, feita para durar e para embelezar a sua casa.<\/p>\n<p data-start=\"62\" data-end=\"86\"><strong data-start=\"62\" data-end=\"84\">Dimens\u00f5es do produto<\/strong><\/p>\n<ul data-start=\"87\" data-end=\"186\">\n<li data-start=\"87\" data-end=\"136\">\n<p data-start=\"89\" data-end=\"136\"><strong data-start=\"89\" data-end=\"99\">Tamanho<\/strong>: 48,0 cm (L) \u00d7 59,0 cm (A) \u00d7 48,0 cm (P)<\/p>\n<\/li>\n<\/ul>\n","protected":false},"excerpt":{"rendered":"<p>D\u00ea ao seu amigo peludo o conforto que ele merece com nossa cama minimalista para pets, inspirada no formato de uma mesa lateral. Projetada com uma estrutura \u00fanica em forma de quebra-cabe\u00e7a, esta cama combina funcionalidade, estilo e durabilidade, tornando-se a adi\u00e7\u00e3o perfeita para qualquer casa moderna.<\/p>\n","protected":false},"featured_media":3548,"comment_status":"open","ping_status":"closed","template":"","meta":[],"product_brand":[],"product_cat":[119],"product_tag":[],"class_list":{"0":"post-3493","1":"product","2":"type-product","3":"status-publish","4":"has-post-thumbnail","6":"product_cat-camas-para-pets","8":"first","9":"instock","10":"featured","11":"shipping-taxable","12":"purchasable","13":"product-type-variable"},"_links":{"self":[{"href":"https:\/\/decoranimal.com\/pt-pt\/wp-json\/wp\/v2\/product\/3493","targetHints":{"allow":["GET"]}}],"collection":[{"href":"https:\/\/decoranimal.com\/pt-pt\/wp-json\/wp\/v2\/product"}],"about":[{"href":"https:\/\/decoranimal.com\/pt-pt\/wp-json\/wp\/v2\/types\/product"}],"replies":[{"embeddable":true,"href":"https:\/\/decoranimal.com\/pt-pt\/wp-json\/wp\/v2\/comments?post=3493"}],"wp:featuredmedia":[{"embeddable":true,"href":"https:\/\/decoranimal.com\/pt-pt\/wp-json\/wp\/v2\/media\/3548"}],"wp:attachment":[{"href":"https:\/\/decoranimal.com\/pt-pt\/wp-json\/wp\/v2\/media?parent=3493"}],"wp:term":[{"taxonomy":"product_brand","embeddable":true,"href":"https:\/\/decoranimal.com\/pt-pt\/wp-json\/wp\/v2\/product_brand?post=3493"},{"taxonomy":"product_cat","embeddable":true,"href":"https:\/\/decoranimal.com\/pt-pt\/wp-json\/wp\/v2\/product_cat?post=3493"},{"taxonomy":"product_tag","embeddable":true,"href":"https:\/\/decoranimal.com\/pt-pt\/wp-json\/wp\/v2\/product_tag?post=3493"}],"curies":[{"name":"wp","href":"https:\/\/api.w.org\/{rel}","templated":true}]}}