{"id":2792,"date":"2025-09-17T22:08:10","date_gmt":"2025-09-17T22:08:10","guid":{"rendered":"https:\/\/decoranimal.com\/product\/retrato-de-animal-de-estimacao-emoldurado\/"},"modified":"2025-09-26T18:08:24","modified_gmt":"2025-09-26T18:08:24","slug":"retrato-de-animal-de-estimacao-emoldurado","status":"publish","type":"product","link":"https:\/\/decoranimal.com\/pt-pt\/produto\/retrato-de-animal-de-estimacao-emoldurado\/","title":{"rendered":"Retrato emoldurado do animal de estima\u00e7\u00e3o"},"content":{"rendered":"<p data-start=\"116\" data-end=\"503\"><strong data-start=\"116\" data-end=\"192\">Celebre o v\u00ednculo com o seu amigo peludo atrav\u00e9s de uma obra de arte \u00fanica.<\/strong>  Nossos bustos laminados de c\u00e3es e gatos s\u00e3o projetados para capturar n\u00e3o apenas a semelhan\u00e7a, mas tamb\u00e9m o esp\u00edrito e a personalidade de seu amado companheiro. Cada pe\u00e7a \u00e9 trabalhada com profundidade intrincada e detalhes realistas que tornam a presen\u00e7a do seu animal de estima\u00e7\u00e3o verdadeiramente viva. <\/p>\n<p data-start=\"505\" data-end=\"836\">Montados numa moldura elegante e prontos a pendurar, estes retratos misturam-se perfeitamente em qualquer decora\u00e7\u00e3o de casa, transformando uma mem\u00f3ria acarinhada numa pe\u00e7a de afirma\u00e7\u00e3o para a sua parede. Cada retrato representa a harmonia perfeita entre a tecnologia moderna e o artesanato art\u00edstico, garantindo um acabamento dur\u00e1vel e visualmente impressionante. <\/p>\n<p data-start=\"838\" data-end=\"1131\">Quer esteja \u00e0 procura de homenagear um amigo leal que ainda est\u00e1 ao seu lado, ou de se lembrar de um animal de estima\u00e7\u00e3o que deixou marcas no seu cora\u00e7\u00e3o, esta lembran\u00e7a \u00e9 uma forma intemporal de celebrar o amor incondicional que s\u00f3 os animais de estima\u00e7\u00e3o podem dar. N\u00e3o \u00e9 apenas arte de parede, \u00e9 um peda\u00e7o da sua hist\u00f3ria, emoldurado para sempre. <\/p>\n<p data-start=\"62\" data-end=\"86\"><strong data-start=\"62\" data-end=\"84\">Dimens\u00f5es do produto:<\/strong><\/p>\n<ul>\n<li><strong data-start=\"89\" data-end=\"99\">Tamanho da moldura<\/strong>: 22.2cm (W) \u00d7 27.2cm (H)<\/li>\n<\/ul>\n","protected":false},"excerpt":{"rendered":"<p><strong data-start=\"116\" data-end=\"192\">Celebre o v\u00ednculo com o seu amigo peludo atrav\u00e9s de uma obra de arte \u00fanica.<\/strong> Nossos bustos laminados de c\u00e3es e gatos s\u00e3o projetados para capturar n\u00e3o apenas a apar\u00eancia, mas tamb\u00e9m o esp\u00edrito e a personalidade do seu amado companheiro. Descubra nosso retrato de animal de estima\u00e7\u00e3o emoldurado. <\/p>\n","protected":false},"featured_media":2393,"comment_status":"open","ping_status":"closed","template":"","meta":[],"product_brand":[],"product_cat":[179],"product_tag":[],"class_list":{"0":"post-2792","1":"product","2":"type-product","3":"status-publish","4":"has-post-thumbnail","6":"product_cat-arte-de-parede","7":"pa_color-beige","8":"pa_color-branco","9":"pa_color-marrom","10":"pa_color-preto","12":"first","13":"instock","14":"shipping-taxable","15":"purchasable","16":"product-type-variable"},"_links":{"self":[{"href":"https:\/\/decoranimal.com\/pt-pt\/wp-json\/wp\/v2\/product\/2792","targetHints":{"allow":["GET"]}}],"collection":[{"href":"https:\/\/decoranimal.com\/pt-pt\/wp-json\/wp\/v2\/product"}],"about":[{"href":"https:\/\/decoranimal.com\/pt-pt\/wp-json\/wp\/v2\/types\/product"}],"replies":[{"embeddable":true,"href":"https:\/\/decoranimal.com\/pt-pt\/wp-json\/wp\/v2\/comments?post=2792"}],"wp:featuredmedia":[{"embeddable":true,"href":"https:\/\/decoranimal.com\/pt-pt\/wp-json\/wp\/v2\/media\/2393"}],"wp:attachment":[{"href":"https:\/\/decoranimal.com\/pt-pt\/wp-json\/wp\/v2\/media?parent=2792"}],"wp:term":[{"taxonomy":"product_brand","embeddable":true,"href":"https:\/\/decoranimal.com\/pt-pt\/wp-json\/wp\/v2\/product_brand?post=2792"},{"taxonomy":"product_cat","embeddable":true,"href":"https:\/\/decoranimal.com\/pt-pt\/wp-json\/wp\/v2\/product_cat?post=2792"},{"taxonomy":"product_tag","embeddable":true,"href":"https:\/\/decoranimal.com\/pt-pt\/wp-json\/wp\/v2\/product_tag?post=2792"}],"curies":[{"name":"wp","href":"https:\/\/api.w.org\/{rel}","templated":true}]}}