{"id":1950,"date":"2025-08-30T09:20:39","date_gmt":"2025-08-30T09:20:39","guid":{"rendered":"https:\/\/decoranimal.com\/product\/escultura-love\/"},"modified":"2025-09-18T17:21:05","modified_gmt":"2025-09-18T17:21:05","slug":"pet-love-sculpture","status":"publish","type":"product","link":"https:\/\/decoranimal.com\/pt-pt\/produto\/pet-love-sculpture\/","title":{"rendered":"Escultura Love<br>"},"content":{"rendered":"<h2>Expresse sua paix\u00e3o por animais de estima\u00e7\u00e3o em forma art\u00edstica<\/h2>\n<p>Procurando uma maneira criativa de imortalizar seu amor pelo seu amigo peludo? Esta escultura Love \u00fanica \u00e9 a escolha perfeita para entusiastas de pets. O design cl\u00e1ssico \u2018LOVE\u2019 recebe um toque ador\u00e1vel, substituindo o \u2018O\u2019 pela silhueta de uma ra\u00e7a de cachorro ou gato, ou por encantadoras pegadas. Quer voc\u00ea esteja comemorando o v\u00ednculo com seu pet querido ou buscando uma pe\u00e7a de decora\u00e7\u00e3o marcante, esta escultura adiciona um toque de personaliza\u00e7\u00e3o e conex\u00e3o afetuosa ao seu espa\u00e7o.   <\/p>\n<h2>Criada com cuidado para valorizar a sua decora\u00e7\u00e3o<\/h2>\n<p>Esta escultura Love n\u00e3o apenas exibe seu afeto pelo seu companheiro de quatro patas, mas tamb\u00e9m complementa sua casa com seu artesanato de alta qualidade. O design apresenta linhas limpas, acabamentos vibrantes e detalhes intrincados que destacam a substitui\u00e7\u00e3o da ra\u00e7a ou da pegada. Perfeita para prateleiras, lareiras ou mesas, esta decora\u00e7\u00e3o equilibra modernidade e aconchego, tornando-se um destaque em qualquer ambiente.  <\/p>\n<h2>Um presente ideal para amantes de animais de estima\u00e7\u00e3o<\/h2>\n<p>Procurando um presente significativo que ressoe com os amantes de pets? Esta escultura atende a todos os crit\u00e9rios. Seu design cuidadoso e tema centrado em animais fazem dela um presente comovente para anivers\u00e1rios, datas comemorativas, feriados ou outras ocasi\u00f5es especiais. Escolha a ra\u00e7a ou gr\u00e1fico que melhor represente o companheiro peludo deles e veja o sorriso surgir ao receberem. N\u00e3o \u00e9 apenas um presente \u2013 \u00e9 um s\u00edmbolo duradouro do amor e adora\u00e7\u00e3o pelo seu pet.    <\/p>\n<p>Quer seja um orgulhoso tutor de pet ou esteja procurando surpreender algu\u00e9m com um presente inesquec\u00edvel, esta escultura Love transmite charme, personalidade e muita emo\u00e7\u00e3o. Celebre a alegria que os pets trazem \u00e0s nossas vidas com esta obra de arte que fala por si s\u00f3, sem precisar de palavras. <\/p>\n","protected":false},"excerpt":{"rendered":"<p>Esta escultura Love \u00fanica \u00e9 a escolha perfeita para entusiastas de pets. O design cl\u00e1ssico \u2018LOVE\u2019 recebe um toque ador\u00e1vel, substituindo o \u2018O\u2019 pela silhueta de uma ra\u00e7a de cachorro ou gato, ou por encantadoras pegadas. <\/p>\n","protected":false},"featured_media":1951,"comment_status":"open","ping_status":"closed","template":"","meta":[],"product_brand":[],"product_cat":[193],"product_tag":[],"class_list":{"0":"post-1950","1":"product","2":"type-product","3":"status-publish","4":"has-post-thumbnail","6":"product_cat-decoracao","7":"pa_color-branco","8":"pa_color-cinza","9":"pa_color-preto","10":"pa_color-rosa","12":"first","13":"instock","14":"shipping-taxable","15":"purchasable","16":"product-type-variable"},"_links":{"self":[{"href":"https:\/\/decoranimal.com\/pt-pt\/wp-json\/wp\/v2\/product\/1950","targetHints":{"allow":["GET"]}}],"collection":[{"href":"https:\/\/decoranimal.com\/pt-pt\/wp-json\/wp\/v2\/product"}],"about":[{"href":"https:\/\/decoranimal.com\/pt-pt\/wp-json\/wp\/v2\/types\/product"}],"replies":[{"embeddable":true,"href":"https:\/\/decoranimal.com\/pt-pt\/wp-json\/wp\/v2\/comments?post=1950"}],"wp:featuredmedia":[{"embeddable":true,"href":"https:\/\/decoranimal.com\/pt-pt\/wp-json\/wp\/v2\/media\/1951"}],"wp:attachment":[{"href":"https:\/\/decoranimal.com\/pt-pt\/wp-json\/wp\/v2\/media?parent=1950"}],"wp:term":[{"taxonomy":"product_brand","embeddable":true,"href":"https:\/\/decoranimal.com\/pt-pt\/wp-json\/wp\/v2\/product_brand?post=1950"},{"taxonomy":"product_cat","embeddable":true,"href":"https:\/\/decoranimal.com\/pt-pt\/wp-json\/wp\/v2\/product_cat?post=1950"},{"taxonomy":"product_tag","embeddable":true,"href":"https:\/\/decoranimal.com\/pt-pt\/wp-json\/wp\/v2\/product_tag?post=1950"}],"curies":[{"name":"wp","href":"https:\/\/api.w.org\/{rel}","templated":true}]}}