{"id":1891,"date":"2025-08-30T18:37:32","date_gmt":"2025-08-30T18:37:32","guid":{"rendered":"https:\/\/decoranimal.com\/product\/arte-parede-coracao-cachorro\/"},"modified":"2025-09-18T17:24:11","modified_gmt":"2025-09-18T17:24:11","slug":"arte-parede-coracao-cachorro","status":"publish","type":"product","link":"https:\/\/decoranimal.com\/pt-pt\/produto\/arte-parede-coracao-cachorro\/","title":{"rendered":"Arte de Parede Cora\u00e7\u00e3o de Cachorro"},"content":{"rendered":"<p data-start=\"101\" data-end=\"155\"><strong data-start=\"101\" data-end=\"153\">Arte de Parede Cora\u00e7\u00e3o de Cachorro \u2013 Design metade cora\u00e7\u00e3o, metade cachorro<\/strong><\/p>\n<p data-start=\"157\" data-end=\"368\">Celebre seu amor pelos c\u00e3es com esta exclusiva <strong data-start=\"203\" data-end=\"225\">Arte de Parede Cora\u00e7\u00e3o de Cachorro<\/strong>. Projetada em forma de cora\u00e7\u00e3o que se integra perfeitamente \u00e0 silhueta de um cachorro, \u00e9 a pe\u00e7a perfeita para iluminar qualquer parede da sua casa.<\/p>\n<p data-start=\"370\" data-end=\"722\">Criada com aten\u00e7\u00e3o aos detalhes, esta arte de parede combina lindamente metade de um cora\u00e7\u00e3o e metade de um <strong data-start=\"463\" data-end=\"507\">[escolha a ra\u00e7a, por exemplo, Labrador Retriever]<\/strong>, simbolizando o v\u00ednculo entre voc\u00ea e seu melhor amigo peludo. F\u00e1cil de montar em qualquer superf\u00edcie lisa, \u00e9 uma adi\u00e7\u00e3o acolhedora para salas de estar, quartos, escrit\u00f3rios ou mesmo como um presente atencioso para amantes de c\u00e3es. F\u00e1cil de montar em qualquer superf\u00edcie lisa, \u00e9 uma adi\u00e7\u00e3o acolhedora para salas de estar, quartos, escrit\u00f3rios ou mesmo como um presente atencioso para amantes de c\u00e3es.<\/p>\n<p data-start=\"724\" data-end=\"829\">Traga calor, personalidade e um toque de charme canino ao seu espa\u00e7o com esta decora\u00e7\u00e3o de parede de destaque.<\/p>\n","protected":false},"excerpt":{"rendered":"<p>Celebre seu amor pelos c\u00e3es com esta exclusiva <strong data-start=\"203\" data-end=\"225\">Arte de Parede Cora\u00e7\u00e3o de Cachorro<\/strong>. Projetada em forma de cora\u00e7\u00e3o que se integra perfeitamente \u00e0 silhueta de um cachorro, \u00e9 a pe\u00e7a perfeita para iluminar qualquer parede da sua casa.<\/p>\n","protected":false},"featured_media":1892,"comment_status":"open","ping_status":"closed","template":"","meta":[],"product_brand":[],"product_cat":[179],"product_tag":[],"class_list":{"0":"post-1891","1":"product","2":"type-product","3":"status-publish","4":"has-post-thumbnail","6":"product_cat-arte-de-parede","7":"pa_color-branco","8":"pa_color-preto","10":"first","11":"instock","12":"shipping-taxable","13":"purchasable","14":"product-type-variable"},"_links":{"self":[{"href":"https:\/\/decoranimal.com\/pt-pt\/wp-json\/wp\/v2\/product\/1891","targetHints":{"allow":["GET"]}}],"collection":[{"href":"https:\/\/decoranimal.com\/pt-pt\/wp-json\/wp\/v2\/product"}],"about":[{"href":"https:\/\/decoranimal.com\/pt-pt\/wp-json\/wp\/v2\/types\/product"}],"replies":[{"embeddable":true,"href":"https:\/\/decoranimal.com\/pt-pt\/wp-json\/wp\/v2\/comments?post=1891"}],"wp:featuredmedia":[{"embeddable":true,"href":"https:\/\/decoranimal.com\/pt-pt\/wp-json\/wp\/v2\/media\/1892"}],"wp:attachment":[{"href":"https:\/\/decoranimal.com\/pt-pt\/wp-json\/wp\/v2\/media?parent=1891"}],"wp:term":[{"taxonomy":"product_brand","embeddable":true,"href":"https:\/\/decoranimal.com\/pt-pt\/wp-json\/wp\/v2\/product_brand?post=1891"},{"taxonomy":"product_cat","embeddable":true,"href":"https:\/\/decoranimal.com\/pt-pt\/wp-json\/wp\/v2\/product_cat?post=1891"},{"taxonomy":"product_tag","embeddable":true,"href":"https:\/\/decoranimal.com\/pt-pt\/wp-json\/wp\/v2\/product_tag?post=1891"}],"curies":[{"name":"wp","href":"https:\/\/api.w.org\/{rel}","templated":true}]}}