{"id":1744,"date":"2025-09-06T10:04:16","date_gmt":"2025-09-06T10:04:16","guid":{"rendered":"https:\/\/decoranimal.com\/product\/suporte-ringline\/"},"modified":"2025-09-06T10:04:16","modified_gmt":"2025-09-06T10:04:16","slug":"suporte-ringline","status":"publish","type":"product","link":"https:\/\/decoranimal.com\/pt-pt\/produto\/suporte-ringline\/","title":{"rendered":"Suporte Ringline"},"content":{"rendered":"<p data-start=\"143\" data-end=\"451\">Melhore a hora da refei\u00e7\u00e3o do seu pet com o <strong data-start=\"180\" data-end=\"198\">Suporte Ringline<\/strong>, um suporte elevado para tigelas moderno e elegante, projetado para c\u00e3es e gatos. Com sua silhueta \u00fanica de an\u00e9is empilhados, inspirada em finas camadas circulares, traz eleg\u00e2ncia e funcionalidade para sua casa, melhorando a postura do seu pet durante as refei\u00e7\u00f5es. <\/p>\n<p data-start=\"453\" data-end=\"725\">O <strong data-start=\"457\" data-end=\"475\">Suporte Ringline<\/strong> \u00e9 mais do que estiloso \u2013 foi projetado para apoiar h\u00e1bitos alimentares mais saud\u00e1veis. Ao elevar as tigelas de comida e \u00e1gua do seu pet a uma altura confort\u00e1vel, ajuda a reduzir a tens\u00e3o no pesco\u00e7o, incentiva uma melhor digest\u00e3o e mant\u00e9m a hora das refei\u00e7\u00f5es mais limpa e organizada. <\/p>\n<p data-start=\"727\" data-end=\"996\">Feito com materiais dur\u00e1veis e de alta qualidade, este suporte elevado para tigelas garante estabilidade, integrando-se perfeitamente em interiores modernos. Seu design minimalista adiciona um toque de sofistica\u00e7\u00e3o, tornando-o tanto uma pe\u00e7a de destaque quanto um acess\u00f3rio pr\u00e1tico. <\/p>\n<ul data-start=\"998\" data-end=\"1240\">\n<li data-start=\"998\" data-end=\"1044\">\n<p data-start=\"1000\" data-end=\"1044\">Design \u00fanico em an\u00e9is empilhados para um visual moderno<\/p>\n<\/li>\n<li data-start=\"1045\" data-end=\"1089\">\n<p data-start=\"1047\" data-end=\"1089\">Promove uma postura e digest\u00e3o mais saud\u00e1veis<\/p>\n<\/li>\n<li data-start=\"1090\" data-end=\"1151\">\n<p data-start=\"1092\" data-end=\"1151\">Funciona como suporte elevado para tigelas de c\u00e3es e gatos<\/p>\n<\/li>\n<li data-start=\"1152\" data-end=\"1190\">\n<p data-start=\"1154\" data-end=\"1190\">Dur\u00e1vel, est\u00e1vel e f\u00e1cil de limpar<\/p>\n<\/li>\n<li data-start=\"1191\" data-end=\"1240\">\n<p data-start=\"1193\" data-end=\"1240\">Complementa lares minimalistas e contempor\u00e2neos<\/p>\n<\/li>\n<\/ul>\n<p data-start=\"1242\" data-end=\"1405\">D\u00ea ao seu amigo peludo o conforto que ele merece enquanto valoriza seu espa\u00e7o com o <strong data-start=\"1326\" data-end=\"1344\">Suporte Ringline <\/strong>\u2013 o equil\u00edbrio perfeito entre design, durabilidade e bem-estar.<\/p>\n","protected":false},"excerpt":{"rendered":"<p>D\u00ea ao seu amigo peludo o conforto que ele merece enquanto valoriza seu espa\u00e7o com o <strong data-start=\"1326\" data-end=\"1344\">Suporte Ringline <\/strong>\u2013 o equil\u00edbrio perfeito entre design, durabilidade e bem-estar.<\/p>\n","protected":false},"featured_media":983,"comment_status":"open","ping_status":"closed","template":"","meta":[],"product_brand":[],"product_cat":[146],"product_tag":[],"class_list":{"0":"post-1744","1":"product","2":"type-product","3":"status-publish","4":"has-post-thumbnail","6":"product_cat-acessorios-para-pets","7":"pa_color-beige","8":"pa_color-branco","9":"pa_color-cinza","10":"pa_color-marrom","11":"pa_color-preto","13":"first","14":"instock","15":"shipping-taxable","16":"purchasable","17":"product-type-variable"},"_links":{"self":[{"href":"https:\/\/decoranimal.com\/pt-pt\/wp-json\/wp\/v2\/product\/1744","targetHints":{"allow":["GET"]}}],"collection":[{"href":"https:\/\/decoranimal.com\/pt-pt\/wp-json\/wp\/v2\/product"}],"about":[{"href":"https:\/\/decoranimal.com\/pt-pt\/wp-json\/wp\/v2\/types\/product"}],"replies":[{"embeddable":true,"href":"https:\/\/decoranimal.com\/pt-pt\/wp-json\/wp\/v2\/comments?post=1744"}],"wp:featuredmedia":[{"embeddable":true,"href":"https:\/\/decoranimal.com\/pt-pt\/wp-json\/wp\/v2\/media\/983"}],"wp:attachment":[{"href":"https:\/\/decoranimal.com\/pt-pt\/wp-json\/wp\/v2\/media?parent=1744"}],"wp:term":[{"taxonomy":"product_brand","embeddable":true,"href":"https:\/\/decoranimal.com\/pt-pt\/wp-json\/wp\/v2\/product_brand?post=1744"},{"taxonomy":"product_cat","embeddable":true,"href":"https:\/\/decoranimal.com\/pt-pt\/wp-json\/wp\/v2\/product_cat?post=1744"},{"taxonomy":"product_tag","embeddable":true,"href":"https:\/\/decoranimal.com\/pt-pt\/wp-json\/wp\/v2\/product_tag?post=1744"}],"curies":[{"name":"wp","href":"https:\/\/api.w.org\/{rel}","templated":true}]}}