{"id":1501,"date":"2025-08-28T16:01:29","date_gmt":"2025-08-28T16:01:29","guid":{"rendered":"https:\/\/decoranimal.com\/product\/chaveiro-caniche-toy\/"},"modified":"2025-10-08T17:29:40","modified_gmt":"2025-10-08T17:29:40","slug":"chaveiro-caniche-toy","status":"publish","type":"product","link":"https:\/\/decoranimal.com\/pt-pt\/produto\/chaveiro-caniche-toy\/","title":{"rendered":"Chaveiro Caniche Toy"},"content":{"rendered":"<p data-start=\"134\" data-end=\"189\"><strong data-start=\"134\" data-end=\"187\">Chaveiro Caniche Toy \u2013 Acess\u00f3rio fofo e minimalista<\/strong><\/p>\n<p data-start=\"191\" data-end=\"421\">Leve um toque de charme para onde quer que v\u00e1 com o nosso <strong data-start=\"241\" data-end=\"264\">chaveiro de caniche toy. <\/strong> Concebido com um estilo minimalista mas ador\u00e1vel, este porta-chaves \u00e9 o acess\u00f3rio perfeito para os amantes de c\u00e3es que querem manter a sua ra\u00e7a favorita \u00e0 m\u00e3o.<\/p>\n<p data-start=\"423\" data-end=\"650\">Feito com materiais dur\u00e1veis, apresenta uma figura detalhada de Caniche Toy que adiciona personalidade \u00e0s suas chaves, bolsas ou mochilas. Leve e pr\u00e1tico, n\u00e3o \u00e9 apenas um porta-chaves funcional, mas tamb\u00e9m uma pe\u00e7a de estilo.<\/p>\n<ul>\n<li data-start=\"652\" data-end=\"892\"><strong data-start=\"655\" data-end=\"685\">Ador\u00e1vel design Caniche Toy<\/strong> \u2013 perfeito para amantes de c\u00e3es<\/li>\n<li data-start=\"652\" data-end=\"892\"><strong data-start=\"716\" data-end=\"741\">Dur\u00e1vel e leve<\/strong> \u2013 constru\u00eddo para uso di\u00e1rio<\/li>\n<li data-start=\"652\" data-end=\"892\"><strong data-start=\"773\" data-end=\"796\">Acess\u00f3rio vers\u00e1til <\/strong>\u2013 use em chaves, bolsas ou mochilas<\/li>\n<li data-start=\"652\" data-end=\"892\"><strong data-start=\"843\" data-end=\"874\" data-is-only-node=\"\">Estilo minimalista e moderno<\/strong> \u2013 combina com qualquer visual<\/li>\n<\/ul>\n<p data-start=\"894\" data-end=\"1106\">Este <strong data-start=\"899\" data-end=\"922\">chaveiro de caniche toy<\/strong> tamb\u00e9m \u00e9 um presente especial para donos de animais de estima\u00e7\u00e3o e entusiastas de poodles. Fofo, funcional e cheio de personalidade \u2013 o pequeno acess\u00f3rio perfeito para alegrar o seu dia a dia.<\/p>\n<p data-start=\"62\" data-end=\"86\"><strong data-start=\"62\" data-end=\"84\">Dimens\u00f5es do produto:<\/strong><\/p>\n<ul>\n<li><strong data-start=\"89\" data-end=\"99\">Tamanho S<\/strong>: 2.9cm (W) \u00d7 4.7cm (H) \u00d7 3.9cm (D)<\/li>\n<\/ul>\n<ul data-start=\"87\" data-end=\"186\">\n<li data-start=\"87\" data-end=\"136\">\n<p data-start=\"89\" data-end=\"136\"><strong data-start=\"89\" data-end=\"99\">Tamanho M<\/strong>: 3.6cm (W) \u00d7 5.8cm (H) \u00d7 4.9cm (D)<\/p>\n<\/li>\n<li><strong data-start=\"89\" data-end=\"99\">Tamanho L<\/strong>: 4.6cm (W) \u00d7 7.3cm (H) \u00d7 6.1cm (D)<\/li>\n<\/ul>\n","protected":false},"excerpt":{"rendered":"<p>Leve um toque de charme para onde quer que v\u00e1 com o nosso <strong data-start=\"241\" data-end=\"264\">chaveiro de caniche toy. <\/strong> Concebido com um estilo minimalista mas ador\u00e1vel, este porta-chaves \u00e9 o acess\u00f3rio perfeito para os amantes de c\u00e3es que querem manter a sua ra\u00e7a favorita \u00e0 m\u00e3o.<\/p>\n","protected":false},"featured_media":4097,"comment_status":"open","ping_status":"closed","template":"","meta":[],"product_brand":[],"product_cat":[146],"product_tag":[],"class_list":{"0":"post-1501","1":"product","2":"type-product","3":"status-publish","4":"has-post-thumbnail","6":"product_cat-acessorios-para-pets","7":"pa_color-beige","8":"pa_color-branco","9":"pa_color-marrom","10":"pa_color-preto","12":"first","13":"instock","14":"featured","15":"shipping-taxable","16":"purchasable","17":"product-type-variable"},"_links":{"self":[{"href":"https:\/\/decoranimal.com\/pt-pt\/wp-json\/wp\/v2\/product\/1501","targetHints":{"allow":["GET"]}}],"collection":[{"href":"https:\/\/decoranimal.com\/pt-pt\/wp-json\/wp\/v2\/product"}],"about":[{"href":"https:\/\/decoranimal.com\/pt-pt\/wp-json\/wp\/v2\/types\/product"}],"replies":[{"embeddable":true,"href":"https:\/\/decoranimal.com\/pt-pt\/wp-json\/wp\/v2\/comments?post=1501"}],"wp:featuredmedia":[{"embeddable":true,"href":"https:\/\/decoranimal.com\/pt-pt\/wp-json\/wp\/v2\/media\/4097"}],"wp:attachment":[{"href":"https:\/\/decoranimal.com\/pt-pt\/wp-json\/wp\/v2\/media?parent=1501"}],"wp:term":[{"taxonomy":"product_brand","embeddable":true,"href":"https:\/\/decoranimal.com\/pt-pt\/wp-json\/wp\/v2\/product_brand?post=1501"},{"taxonomy":"product_cat","embeddable":true,"href":"https:\/\/decoranimal.com\/pt-pt\/wp-json\/wp\/v2\/product_cat?post=1501"},{"taxonomy":"product_tag","embeddable":true,"href":"https:\/\/decoranimal.com\/pt-pt\/wp-json\/wp\/v2\/product_tag?post=1501"}],"curies":[{"name":"wp","href":"https:\/\/api.w.org\/{rel}","templated":true}]}}