{"id":1436,"date":"2025-09-05T21:39:07","date_gmt":"2025-09-05T21:39:07","guid":{"rendered":"https:\/\/decoranimal.com\/product\/the-cube\/"},"modified":"2025-09-26T18:06:14","modified_gmt":"2025-09-26T18:06:14","slug":"the-cube","status":"publish","type":"product","link":"https:\/\/decoranimal.com\/pt-pt\/produto\/the-cube\/","title":{"rendered":"The Cube"},"content":{"rendered":"<p data-start=\"151\" data-end=\"407\">Descubra <strong data-start=\"160\" data-end=\"172\">The Cube<\/strong> \u2013 uma pe\u00e7a de mobili\u00e1rio vers\u00e1til e minimalista com um design c\u00fabico marcante. Mais do que uma mesa de apoio ou de centro moderna, tamb\u00e9m funciona como um ref\u00fagio aconchegante para seu c\u00e3o ou gato, unindo praticidade, conforto e estilo em uma pe\u00e7a \u00fanica. <\/p>\n<p data-start=\"409\" data-end=\"775\">Constru\u00eddo com materiais premium, <strong data-start=\"439\" data-end=\"451\">The Cube <\/strong>\u00e9 robusto, elegante e projetado para durar. Sua geometria limpa lhe confere uma presen\u00e7a escultural em qualquer ambiente, enquanto a estrutura oca cria um canto protegido onde seu pet pode descansar confortavelmente. Seja ao lado da sua cama, na sala de estar ou como pe\u00e7a independente, ele se adapta perfeitamente tanto \u00e0s suas necessidades quanto \u00e0s do seu pet.  <\/p>\n<ul data-start=\"777\" data-end=\"1019\">\n<li data-start=\"777\" data-end=\"834\">\n<p data-start=\"779\" data-end=\"834\">Design moderno de casinha para c\u00e3es que eleva os interiores<\/p>\n<\/li>\n<li data-start=\"835\" data-end=\"901\">\n<p data-start=\"837\" data-end=\"901\">Multifuncional \u2013 criado-mudo, mesa de centro e cama para pets em um s\u00f3<\/p>\n<\/li>\n<li data-start=\"902\" data-end=\"954\">\n<p data-start=\"904\" data-end=\"954\">Constru\u00e7\u00e3o dur\u00e1vel com materiais de alta qualidade<\/p>\n<\/li>\n<li data-start=\"955\" data-end=\"1019\">\n<p data-start=\"957\" data-end=\"1019\">Espa\u00e7o interno aconchegante que oferece conforto e seguran\u00e7a aos pets<\/p>\n<\/li>\n<\/ul>\n<p data-start=\"1021\" data-end=\"1195\"><strong data-start=\"1021\" data-end=\"1033\">The Cube<\/strong> \u00e9 mais do que um m\u00f3vel \u2013 \u00e9 uma pe\u00e7a multifuncional que traz beleza, utilidade e conforto para sua casa, tanto para voc\u00ea quanto para seu companheiro peludo.<\/p>\n<p data-start=\"62\" data-end=\"86\"><strong data-start=\"62\" data-end=\"84\">Dimens\u00f5es do produto<\/strong><\/p>\n<ul data-start=\"87\" data-end=\"186\">\n<li data-start=\"87\" data-end=\"136\">\n<p data-start=\"89\" data-end=\"136\"><strong data-start=\"89\" data-end=\"99\">Tamanho S<\/strong>: 51.3cm (W) \u00d7 51.3cm (H) \u00d7 42.0cm (D)<\/p>\n<\/li>\n<li data-start=\"137\" data-end=\"186\">\n<p data-start=\"139\" data-end=\"186\"><strong data-start=\"139\" data-end=\"149\">Tamanho M<\/strong>: 61.3cm (W) \u00d7 61.3cm (H) \u00d7 52.0cm (D)<\/p>\n<\/li>\n<\/ul>\n","protected":false},"excerpt":{"rendered":"<p>D\u00ea ao seu amigo peludo o conforto que ele merece com nossa cama minimalista para pets, inspirada na forma de uma casa c\u00fabica. Projetada com uma estrutura \u00fanica em forma de quebra-cabe\u00e7a, esta cama combina funcionalidade, estilo e durabilidade, tornando-se a adi\u00e7\u00e3o perfeita para qualquer casa moderna.<\/p>\n","protected":false},"featured_media":2855,"comment_status":"open","ping_status":"closed","template":"","meta":[],"product_brand":[],"product_cat":[119],"product_tag":[],"class_list":{"0":"post-1436","1":"product","2":"type-product","3":"status-publish","4":"has-post-thumbnail","6":"product_cat-camas-para-pets","8":"first","9":"instock","10":"featured","11":"shipping-taxable","12":"purchasable","13":"product-type-variable"},"_links":{"self":[{"href":"https:\/\/decoranimal.com\/pt-pt\/wp-json\/wp\/v2\/product\/1436","targetHints":{"allow":["GET"]}}],"collection":[{"href":"https:\/\/decoranimal.com\/pt-pt\/wp-json\/wp\/v2\/product"}],"about":[{"href":"https:\/\/decoranimal.com\/pt-pt\/wp-json\/wp\/v2\/types\/product"}],"replies":[{"embeddable":true,"href":"https:\/\/decoranimal.com\/pt-pt\/wp-json\/wp\/v2\/comments?post=1436"}],"wp:featuredmedia":[{"embeddable":true,"href":"https:\/\/decoranimal.com\/pt-pt\/wp-json\/wp\/v2\/media\/2855"}],"wp:attachment":[{"href":"https:\/\/decoranimal.com\/pt-pt\/wp-json\/wp\/v2\/media?parent=1436"}],"wp:term":[{"taxonomy":"product_brand","embeddable":true,"href":"https:\/\/decoranimal.com\/pt-pt\/wp-json\/wp\/v2\/product_brand?post=1436"},{"taxonomy":"product_cat","embeddable":true,"href":"https:\/\/decoranimal.com\/pt-pt\/wp-json\/wp\/v2\/product_cat?post=1436"},{"taxonomy":"product_tag","embeddable":true,"href":"https:\/\/decoranimal.com\/pt-pt\/wp-json\/wp\/v2\/product_tag?post=1436"}],"curies":[{"name":"wp","href":"https:\/\/api.w.org\/{rel}","templated":true}]}}