{"id":1332,"date":"2025-08-28T06:27:59","date_gmt":"2025-08-28T06:27:59","guid":{"rendered":"https:\/\/decoranimal.com\/product\/the-home\/"},"modified":"2025-09-26T17:46:23","modified_gmt":"2025-09-26T17:46:23","slug":"the-home","status":"publish","type":"product","link":"https:\/\/decoranimal.com\/pt-pt\/produto\/the-home\/","title":{"rendered":"The Home"},"content":{"rendered":"<p>D\u00ea ao seu amigo peludo o conforto que ele merece com nossa cama minimalista para pets, inspirada na forma de uma casa tradicional. Projetada com uma estrutura \u00fanica em forma de quebra-cabe\u00e7a, esta cama combina funcionalidade, estilo e durabilidade, tornando-se a adi\u00e7\u00e3o perfeita para qualquer casa moderna.<\/p>\n<p>Fabricada com madeira premium e tecido de alta qualidade, esta cama para pets \u00e9 ao mesmo tempo robusta e elegante. A montagem em formato de quebra-cabe\u00e7a facilita a instala\u00e7\u00e3o, torna a cama robusta depois de montada e visualmente impressionante com suas linhas limpas e silhueta minimalista. Seu design em forma de casa oferece ao seu pet uma sensa\u00e7\u00e3o aconchegante de abrigo, enquanto se integra perfeitamente em interiores contempor\u00e2neos.<\/p>\n<ul>\n<li>Design minimalista que complementa espa\u00e7os modernos<\/li>\n<li>Estrutura em formato de quebra-cabe\u00e7a \u2013 f\u00e1cil de montar, s\u00f3lida e dur\u00e1vel<\/li>\n<li>Feito com madeira e tecido para um acabamento natural e robusto<\/li>\n<li>Cama em forma de casa que oferece conforto e seguran\u00e7a aos pets<\/li>\n<\/ul>\n<p>Esta cama minimalista para pets \u00e9 mais do que um m\u00f3vel \u2013 \u00e9 um ref\u00fagio estiloso e funcional para seu c\u00e3o ou gato, constru\u00edda para durar e projetada para ficar bonita em sua casa.<\/p>\n<p data-start=\"62\" data-end=\"86\"><strong data-start=\"62\" data-end=\"84\">Dimens\u00f5es do produto<\/strong><\/p>\n<ul data-start=\"87\" data-end=\"186\">\n<li data-start=\"87\" data-end=\"136\">\n<p data-start=\"89\" data-end=\"136\"><strong data-start=\"89\" data-end=\"99\">Tamanho S<\/strong>: 51.3cm (W) \u00d7 53.6cm (H) \u00d7 42.0cm (D)<\/p>\n<\/li>\n<li data-start=\"137\" data-end=\"186\">\n<p data-start=\"139\" data-end=\"186\"><strong data-start=\"139\" data-end=\"149\">Tamanho M<\/strong>: 57.0cm (W) \u00d7 60.4cm (H) \u00d7 52.0cm (D)<\/p>\n<\/li>\n<\/ul>\n","protected":false},"excerpt":{"rendered":"<p>D\u00ea ao seu amigo peludo o conforto que ele merece com nossa cama minimalista para pets, inspirada na forma de uma casa tradicional. Projetada com uma estrutura \u00fanica em forma de quebra-cabe\u00e7a, esta cama combina funcionalidade, estilo e durabilidade, tornando-se a adi\u00e7\u00e3o perfeita para qualquer casa moderna.<\/p>\n","protected":false},"featured_media":1344,"comment_status":"open","ping_status":"closed","template":"","meta":[],"product_brand":[],"product_cat":[119],"product_tag":[],"class_list":{"0":"post-1332","1":"product","2":"type-product","3":"status-publish","4":"has-post-thumbnail","6":"product_cat-camas-para-pets","8":"first","9":"instock","10":"featured","11":"shipping-taxable","12":"purchasable","13":"product-type-variable"},"_links":{"self":[{"href":"https:\/\/decoranimal.com\/pt-pt\/wp-json\/wp\/v2\/product\/1332","targetHints":{"allow":["GET"]}}],"collection":[{"href":"https:\/\/decoranimal.com\/pt-pt\/wp-json\/wp\/v2\/product"}],"about":[{"href":"https:\/\/decoranimal.com\/pt-pt\/wp-json\/wp\/v2\/types\/product"}],"replies":[{"embeddable":true,"href":"https:\/\/decoranimal.com\/pt-pt\/wp-json\/wp\/v2\/comments?post=1332"}],"wp:featuredmedia":[{"embeddable":true,"href":"https:\/\/decoranimal.com\/pt-pt\/wp-json\/wp\/v2\/media\/1344"}],"wp:attachment":[{"href":"https:\/\/decoranimal.com\/pt-pt\/wp-json\/wp\/v2\/media?parent=1332"}],"wp:term":[{"taxonomy":"product_brand","embeddable":true,"href":"https:\/\/decoranimal.com\/pt-pt\/wp-json\/wp\/v2\/product_brand?post=1332"},{"taxonomy":"product_cat","embeddable":true,"href":"https:\/\/decoranimal.com\/pt-pt\/wp-json\/wp\/v2\/product_cat?post=1332"},{"taxonomy":"product_tag","embeddable":true,"href":"https:\/\/decoranimal.com\/pt-pt\/wp-json\/wp\/v2\/product_tag?post=1332"}],"curies":[{"name":"wp","href":"https:\/\/api.w.org\/{rel}","templated":true}]}}