{"id":3484,"date":"2025-10-14T15:58:58","date_gmt":"2025-10-14T15:58:58","guid":{"rendered":"https:\/\/decoranimal.com\/?post_type=product&#038;p=3484"},"modified":"2025-10-23T18:41:34","modified_gmt":"2025-10-23T18:41:34","slug":"the-side-table","status":"publish","type":"product","link":"https:\/\/decoranimal.com\/it\/prodotto\/the-side-table\/","title":{"rendered":"The Side Table"},"content":{"rendered":"<p>Dai al tuo amico peloso il comfort che merita con il nostro letto minimalista per animali, ispirato alla forma di un tavolino laterale. Progettato con una struttura unica a forma di puzzle, questo letto combina funzionalit\u00e0, stile e durata, rendendolo l\u2019aggiunta perfetta a qualsiasi casa moderna.<\/p>\n<p>Realizzato in legno pregiato e tessuto di alta qualit\u00e0, questo letto per animali con tavolino laterale \u00e8 allo stesso tempo robusto ed elegante. L\u2019assemblaggio a puzzle rende il montaggio semplice, il letto robusto una volta montato e visivamente accattivante con le sue linee pulite e la silhouette minimalista. Il suo design offre al tuo animale una piacevole sensazione di rifugio, fondendosi perfettamente con gli interni contemporanei.<\/p>\n<ul>\n<li>Design minimalista che si integra negli spazi moderni<\/li>\n<li>Struttura a puzzle \u2013 facile da assemblare, solida e durevole<\/li>\n<li>Realizzato in legno e tessuto per una finitura naturale e robusta<\/li>\n<li>Tavolino laterale che offre anche comfort e sicurezza ai tuoi animali.<\/li>\n<\/ul>\n<p>Questo letto minimalista per animali con tavolino laterale \u00e8 molto pi\u00f9 di un semplice mobile: \u00e8 un rifugio elegante e funzionale per il tuo cane o gatto, costruito per durare e per valorizzare la tua casa.<\/p>\n<p data-start=\"62\" data-end=\"86\"><strong data-start=\"62\" data-end=\"84\">Dimensioni del prodotto<\/strong><\/p>\n<ul data-start=\"87\" data-end=\"186\">\n<li data-start=\"87\" data-end=\"136\">\n<p data-start=\"89\" data-end=\"136\"><strong data-start=\"89\" data-end=\"99\">Dimensioni<\/strong>: 48,0 cm (L) \u00d7 59,0 cm (A) \u00d7 48,0 cm (P)<\/p>\n<\/li>\n<\/ul>\n","protected":false},"excerpt":{"rendered":"<p>Dai al tuo amico peloso il comfort che merita con il nostro letto minimalista per animali, ispirato alla forma di un tavolino laterale. Progettato con una struttura unica a forma di puzzle, questo letto combina funzionalit\u00e0, stile e durata, rendendolo l\u2019aggiunta perfetta a qualsiasi casa moderna.<\/p>\n","protected":false},"featured_media":3547,"comment_status":"open","ping_status":"closed","template":"","meta":[],"product_brand":[],"product_cat":[126],"product_tag":[],"class_list":{"0":"post-3484","1":"product","2":"type-product","3":"status-publish","4":"has-post-thumbnail","6":"product_cat-letti-per-animali","8":"first","9":"instock","10":"featured","11":"shipping-taxable","12":"purchasable","13":"product-type-variable"},"_links":{"self":[{"href":"https:\/\/decoranimal.com\/it\/wp-json\/wp\/v2\/product\/3484","targetHints":{"allow":["GET"]}}],"collection":[{"href":"https:\/\/decoranimal.com\/it\/wp-json\/wp\/v2\/product"}],"about":[{"href":"https:\/\/decoranimal.com\/it\/wp-json\/wp\/v2\/types\/product"}],"replies":[{"embeddable":true,"href":"https:\/\/decoranimal.com\/it\/wp-json\/wp\/v2\/comments?post=3484"}],"wp:featuredmedia":[{"embeddable":true,"href":"https:\/\/decoranimal.com\/it\/wp-json\/wp\/v2\/media\/3547"}],"wp:attachment":[{"href":"https:\/\/decoranimal.com\/it\/wp-json\/wp\/v2\/media?parent=3484"}],"wp:term":[{"taxonomy":"product_brand","embeddable":true,"href":"https:\/\/decoranimal.com\/it\/wp-json\/wp\/v2\/product_brand?post=3484"},{"taxonomy":"product_cat","embeddable":true,"href":"https:\/\/decoranimal.com\/it\/wp-json\/wp\/v2\/product_cat?post=3484"},{"taxonomy":"product_tag","embeddable":true,"href":"https:\/\/decoranimal.com\/it\/wp-json\/wp\/v2\/product_tag?post=3484"}],"curies":[{"name":"wp","href":"https:\/\/api.w.org\/{rel}","templated":true}]}}