{"id":2758,"date":"2025-09-17T22:08:10","date_gmt":"2025-09-17T22:08:10","guid":{"rendered":"https:\/\/decoranimal.com\/product\/ritratto-incorniciato-di-animale-domestico\/"},"modified":"2025-09-26T18:08:25","modified_gmt":"2025-09-26T18:08:25","slug":"ritratto-incorniciato-di-animale-domestico","status":"publish","type":"product","link":"https:\/\/decoranimal.com\/it\/prodotto\/ritratto-incorniciato-di-animale-domestico\/","title":{"rendered":"Ritratto di animale domestico incorniciato"},"content":{"rendered":"<p data-start=\"116\" data-end=\"503\"><strong data-start=\"116\" data-end=\"192\">Celebra il legame con il tuo amico peloso attraverso un&#8217;opera d&#8217;arte unica.<\/strong>  I nostri busti laminati di cani e gatti sono progettati per catturare non solo la somiglianza, ma anche lo spirito e la personalit\u00e0 del tuo amato compagno. Ogni pezzo \u00e8 realizzato con una profondit\u00e0 intricata e dettagli realistici che rendono la presenza del tuo animale domestico davvero viva. <\/p>\n<p data-start=\"505\" data-end=\"836\">Montati in una cornice elegante e pronti per essere appesi, questi ritratti si integrano perfettamente in qualsiasi arredamento per la casa, trasformando un ricordo caro in un pezzo forte per la tua parete. Ogni ritratto rappresenta la perfetta armonia tra tecnologia moderna e artigianato artistico, garantendo una finitura che sia allo stesso tempo durevole e di grande impatto visivo. <\/p>\n<p data-start=\"838\" data-end=\"1131\">Sia che tu stia cercando di onorare un amico fedele che \u00e8 ancora al tuo fianco, o di ricordare un animale domestico che ha lasciato impronte sul tuo cuore, questo ricordo \u00e8 un modo senza tempo per celebrare l&#8217;amore incondizionato che solo gli animali domestici possono dare. Non si tratta solo di arte murale: \u00e8 un pezzo della tua storia, incorniciato per sempre. <\/p>\n<p data-start=\"62\" data-end=\"86\"><strong data-start=\"62\" data-end=\"84\">Dimensioni del prodotto:<\/strong><\/p>\n<ul>\n<li><strong data-start=\"89\" data-end=\"99\">Dimensione della cornice<\/strong>: 22.2cm (W) \u00d7 27.2cm (H)<\/li>\n<\/ul>\n","protected":false},"excerpt":{"rendered":"<p><strong data-start=\"116\" data-end=\"192\">Celebra il legame con il tuo amico peloso attraverso un&#8217;opera d&#8217;arte unica.<\/strong> I nostri busti laminati di cani e gatti sono progettati per catturare non solo la somiglianza, ma anche lo spirito e la personalit\u00e0 del tuo amato compagno. Scopri il nostro ritratto incorniciato di animale domestico. <\/p>\n","protected":false},"featured_media":2392,"comment_status":"open","ping_status":"closed","template":"","meta":[],"product_brand":[],"product_cat":[181],"product_tag":[],"class_list":{"0":"post-2758","1":"product","2":"type-product","3":"status-publish","4":"has-post-thumbnail","6":"product_cat-arte-da-parete","7":"pa_color-beige","8":"pa_color-bianco","9":"pa_color-marrone","10":"pa_color-nero","12":"first","13":"instock","14":"shipping-taxable","15":"purchasable","16":"product-type-variable"},"_links":{"self":[{"href":"https:\/\/decoranimal.com\/it\/wp-json\/wp\/v2\/product\/2758","targetHints":{"allow":["GET"]}}],"collection":[{"href":"https:\/\/decoranimal.com\/it\/wp-json\/wp\/v2\/product"}],"about":[{"href":"https:\/\/decoranimal.com\/it\/wp-json\/wp\/v2\/types\/product"}],"replies":[{"embeddable":true,"href":"https:\/\/decoranimal.com\/it\/wp-json\/wp\/v2\/comments?post=2758"}],"wp:featuredmedia":[{"embeddable":true,"href":"https:\/\/decoranimal.com\/it\/wp-json\/wp\/v2\/media\/2392"}],"wp:attachment":[{"href":"https:\/\/decoranimal.com\/it\/wp-json\/wp\/v2\/media?parent=2758"}],"wp:term":[{"taxonomy":"product_brand","embeddable":true,"href":"https:\/\/decoranimal.com\/it\/wp-json\/wp\/v2\/product_brand?post=2758"},{"taxonomy":"product_cat","embeddable":true,"href":"https:\/\/decoranimal.com\/it\/wp-json\/wp\/v2\/product_cat?post=2758"},{"taxonomy":"product_tag","embeddable":true,"href":"https:\/\/decoranimal.com\/it\/wp-json\/wp\/v2\/product_tag?post=2758"}],"curies":[{"name":"wp","href":"https:\/\/api.w.org\/{rel}","templated":true}]}}