{"id":1422,"date":"2025-09-05T21:39:07","date_gmt":"2025-09-05T21:39:07","guid":{"rendered":"https:\/\/decoranimal.com\/product\/the-cube\/"},"modified":"2025-09-26T18:06:14","modified_gmt":"2025-09-26T18:06:14","slug":"the-cube","status":"publish","type":"product","link":"https:\/\/decoranimal.com\/it\/prodotto\/the-cube\/","title":{"rendered":"The Cube"},"content":{"rendered":"<p data-start=\"151\" data-end=\"407\">Scopri <strong data-start=\"160\" data-end=\"172\">The Cube<\/strong> \u2013 un pezzo di arredamento versatile e minimalista dal design cubico audace. Non \u00e8 solo un moderno tavolino o coffee table, ma raddoppia come rifugio accogliente per il tuo cane o gatto, combinando praticit\u00e0, comfort e stile in un pezzo unico. <\/p>\n<p data-start=\"409\" data-end=\"775\">Realizzato con materiali di alta qualit\u00e0, <strong data-start=\"439\" data-end=\"451\">The Cube<\/strong> \u00e8 robusto, elegante e progettato per durare. La sua geometria pulita gli conferisce una presenza scultorea in ogni stanza, mentre la struttura vuota crea un angolo protetto dove il tuo animale pu\u00f2 riposare comodamente. Che sia accanto al tuo letto, in soggiorno o come elemento indipendente, si adatta perfettamente sia alle tue esigenze sia a quelle del tuo animale.  <\/p>\n<ul data-start=\"777\" data-end=\"1019\">\n<li data-start=\"777\" data-end=\"834\">\n<p data-start=\"779\" data-end=\"834\">Design moderno per cuccia che valorizza gli interni<\/p>\n<\/li>\n<li data-start=\"835\" data-end=\"901\">\n<p data-start=\"837\" data-end=\"901\">Multifunzionale \u2013 comodino, tavolino da caff\u00e8 e letto per animali tutto in uno<\/p>\n<\/li>\n<li data-start=\"902\" data-end=\"954\">\n<p data-start=\"904\" data-end=\"954\">Struttura durevole realizzata con materiali di alta qualit\u00e0<\/p>\n<\/li>\n<li data-start=\"955\" data-end=\"1019\">\n<p data-start=\"957\" data-end=\"1019\">Spazio interno accogliente che offre comfort e sicurezza agli animali<\/p>\n<\/li>\n<\/ul>\n<p data-start=\"1021\" data-end=\"1195\"><strong data-start=\"1021\" data-end=\"1033\">The Cube<\/strong> \u00e8 pi\u00f9 di un mobile: \u00e8 un pezzo multifunzionale che porta bellezza, utilit\u00e0 e comfort nella tua casa, sia per te sia per il tuo amico peloso.<\/p>\n<p data-start=\"62\" data-end=\"86\"><strong data-start=\"62\" data-end=\"84\">Dimensioni del prodotto<\/strong><\/p>\n<ul data-start=\"87\" data-end=\"186\">\n<li data-start=\"87\" data-end=\"136\">\n<p data-start=\"89\" data-end=\"136\"><strong data-start=\"89\" data-end=\"99\">Taglia S<\/strong>: 51.3cm (W) \u00d7 51.3cm (H) \u00d7 42.0cm (D)<\/p>\n<\/li>\n<li data-start=\"137\" data-end=\"186\">\n<p data-start=\"139\" data-end=\"186\"><strong data-start=\"139\" data-end=\"149\">Taglia M<\/strong>: 61.3cm (W) \u00d7 61.3cm (H) \u00d7 52.0cm (D)<\/p>\n<\/li>\n<\/ul>\n","protected":false},"excerpt":{"rendered":"<p>Regala al tuo amico peloso il comfort che merita con il nostro letto minimalista per animali, ispirato alla forma di una casa a cubo. Progettato con una struttura unica a forma di puzzle, questo letto combina funzionalit\u00e0, stile e durata, rendendolo l\u2019aggiunta perfetta a qualsiasi casa moderna.<\/p>\n","protected":false},"featured_media":2854,"comment_status":"open","ping_status":"closed","template":"","meta":[],"product_brand":[],"product_cat":[126],"product_tag":[],"class_list":{"0":"post-1422","1":"product","2":"type-product","3":"status-publish","4":"has-post-thumbnail","6":"product_cat-letti-per-animali","8":"first","9":"instock","10":"featured","11":"shipping-taxable","12":"purchasable","13":"product-type-variable"},"_links":{"self":[{"href":"https:\/\/decoranimal.com\/it\/wp-json\/wp\/v2\/product\/1422","targetHints":{"allow":["GET"]}}],"collection":[{"href":"https:\/\/decoranimal.com\/it\/wp-json\/wp\/v2\/product"}],"about":[{"href":"https:\/\/decoranimal.com\/it\/wp-json\/wp\/v2\/types\/product"}],"replies":[{"embeddable":true,"href":"https:\/\/decoranimal.com\/it\/wp-json\/wp\/v2\/comments?post=1422"}],"wp:featuredmedia":[{"embeddable":true,"href":"https:\/\/decoranimal.com\/it\/wp-json\/wp\/v2\/media\/2854"}],"wp:attachment":[{"href":"https:\/\/decoranimal.com\/it\/wp-json\/wp\/v2\/media?parent=1422"}],"wp:term":[{"taxonomy":"product_brand","embeddable":true,"href":"https:\/\/decoranimal.com\/it\/wp-json\/wp\/v2\/product_brand?post=1422"},{"taxonomy":"product_cat","embeddable":true,"href":"https:\/\/decoranimal.com\/it\/wp-json\/wp\/v2\/product_cat?post=1422"},{"taxonomy":"product_tag","embeddable":true,"href":"https:\/\/decoranimal.com\/it\/wp-json\/wp\/v2\/product_tag?post=1422"}],"curies":[{"name":"wp","href":"https:\/\/api.w.org\/{rel}","templated":true}]}}