{"id":1356,"date":"2025-08-28T06:27:59","date_gmt":"2025-08-28T06:27:59","guid":{"rendered":"https:\/\/decoranimal.com\/product\/the-home\/"},"modified":"2025-09-26T17:46:04","modified_gmt":"2025-09-26T17:46:04","slug":"the-home","status":"publish","type":"product","link":"https:\/\/decoranimal.com\/it\/prodotto\/the-home\/","title":{"rendered":"The Home"},"content":{"rendered":"<p>Regala al tuo amico peloso il comfort che merita con il nostro letto minimalista per animali, ispirato alla forma di una casa tradizionale. Progettato con una struttura unica a forma di puzzle, questo letto combina funzionalit\u00e0, stile e durata, rendendolo l\u2019aggiunta perfetta a qualsiasi casa moderna.<\/p>\n<p>Realizzato in legno pregiato e tessuto di alta qualit\u00e0, questo letto per animali \u00e8 allo stesso tempo robusto ed elegante. L\u2019assemblaggio a puzzle rende il montaggio semplice, il letto robusto una volta montato e visivamente accattivante con le sue linee pulite e la silhouette minimalista. Il suo design a forma di casetta offre al tuo animale una sensazione accogliente di rifugio, integrandosi perfettamente negli interni contemporanei.<\/p>\n<ul>\n<li>Design minimalista che si integra negli spazi moderni<\/li>\n<li>Struttura a puzzle \u2013 facile da assemblare, solida e durevole<\/li>\n<li>Realizzato in legno e tessuto per una finitura naturale e robusta<\/li>\n<li>Letto a forma di casetta che offre comfort e sicurezza agli animali<\/li>\n<\/ul>\n<p>Questo letto minimalista per animali \u00e8 pi\u00f9 di un semplice mobile: \u00e8 un rifugio elegante e funzionale per il tuo cane o gatto, costruito per durare e progettato per essere bello nella tua casa.<\/p>\n<p data-start=\"62\" data-end=\"86\"><strong data-start=\"62\" data-end=\"84\">Dimensioni del prodotto<\/strong><\/p>\n<ul data-start=\"87\" data-end=\"186\">\n<li data-start=\"87\" data-end=\"136\">\n<p data-start=\"89\" data-end=\"136\"><strong data-start=\"89\" data-end=\"99\">Taglia S<\/strong>: 51.3cm (W) \u00d7 53.6cm (H) \u00d7 42.0cm (D)<\/p>\n<\/li>\n<li data-start=\"137\" data-end=\"186\">\n<p data-start=\"139\" data-end=\"186\"><strong data-start=\"139\" data-end=\"149\">Taglia M<\/strong>: 57.0cm (W) \u00d7 60.4cm (H) \u00d7 52.0cm (D)<\/p>\n<\/li>\n<\/ul>\n","protected":false},"excerpt":{"rendered":"<p>Regala al tuo amico peloso il comfort che merita con il nostro letto minimalista per animali, ispirato alla forma di una casa tradizionale. Progettato con una struttura unica a forma di puzzle, questo letto combina funzionalit\u00e0, stile e durata, rendendolo l\u2019aggiunta perfetta a qualsiasi casa moderna.<\/p>\n","protected":false},"featured_media":1368,"comment_status":"open","ping_status":"closed","template":"","meta":[],"product_brand":[],"product_cat":[126],"product_tag":[],"class_list":{"0":"post-1356","1":"product","2":"type-product","3":"status-publish","4":"has-post-thumbnail","6":"product_cat-letti-per-animali","8":"first","9":"instock","10":"featured","11":"shipping-taxable","12":"purchasable","13":"product-type-variable"},"_links":{"self":[{"href":"https:\/\/decoranimal.com\/it\/wp-json\/wp\/v2\/product\/1356","targetHints":{"allow":["GET"]}}],"collection":[{"href":"https:\/\/decoranimal.com\/it\/wp-json\/wp\/v2\/product"}],"about":[{"href":"https:\/\/decoranimal.com\/it\/wp-json\/wp\/v2\/types\/product"}],"replies":[{"embeddable":true,"href":"https:\/\/decoranimal.com\/it\/wp-json\/wp\/v2\/comments?post=1356"}],"wp:featuredmedia":[{"embeddable":true,"href":"https:\/\/decoranimal.com\/it\/wp-json\/wp\/v2\/media\/1368"}],"wp:attachment":[{"href":"https:\/\/decoranimal.com\/it\/wp-json\/wp\/v2\/media?parent=1356"}],"wp:term":[{"taxonomy":"product_brand","embeddable":true,"href":"https:\/\/decoranimal.com\/it\/wp-json\/wp\/v2\/product_brand?post=1356"},{"taxonomy":"product_cat","embeddable":true,"href":"https:\/\/decoranimal.com\/it\/wp-json\/wp\/v2\/product_cat?post=1356"},{"taxonomy":"product_tag","embeddable":true,"href":"https:\/\/decoranimal.com\/it\/wp-json\/wp\/v2\/product_tag?post=1356"}],"curies":[{"name":"wp","href":"https:\/\/api.w.org\/{rel}","templated":true}]}}