{"id":4737,"date":"2025-11-03T14:35:29","date_gmt":"2025-11-03T14:35:29","guid":{"rendered":"https:\/\/decoranimal.com\/product\/chihuahua-keychain\/"},"modified":"2025-11-03T14:35:29","modified_gmt":"2025-11-03T14:35:29","slug":"chihuahua-keychain","status":"publish","type":"product","link":"https:\/\/decoranimal.com\/fr\/produit\/chihuahua-keychain\/","title":{"rendered":"Porte-cl\u00e9s Chihuahua"},"content":{"rendered":"<p data-start=\"134\" data-end=\"189\"><strong data-start=\"134\" data-end=\"187\">Porte-cl\u00e9s Chihuahua \u2013 Accessoire Mignon et Minimaliste<\/strong><\/p>\n<p data-start=\"191\" data-end=\"421\">Apportez une touche de charme partout o\u00f9 vous allez avec notre <strong data-start=\"241\" data-end=\"264\">porte-cl\u00e9s chihuahua.<\/strong> Con\u00e7u dans un style minimaliste mais adorable, ce porte-cl\u00e9s est l&rsquo;accessoire parfait pour les amoureux des chiens qui veulent garder leur race pr\u00e9f\u00e9r\u00e9e \u00e0 port\u00e9e de main.<\/p>\n<p data-start=\"423\" data-end=\"650\">Con\u00e7u avec des mat\u00e9riaux durables, il pr\u00e9sente une figurine de chien d\u00e9taill\u00e9e qui ajoute de la personnalit\u00e9 \u00e0 vos cl\u00e9s, sacs ou sacs \u00e0 dos. L\u00e9ger et pratique, ce n&rsquo;est pas seulement un porte-cl\u00e9s fonctionnel mais aussi un accessoire styl\u00e9. <\/p>\n<ul>\n<li data-start=\"652\" data-end=\"892\"><strong data-start=\"655\" data-end=\"685\">Design adorable <\/strong> \u2013 parfait pour les amoureux des chiens<\/li>\n<li data-start=\"652\" data-end=\"892\"><strong data-start=\"716\" data-end=\"741\">Durable et l\u00e9ger <\/strong>\u2013 con\u00e7u pour un usage quotidien<\/li>\n<li data-start=\"652\" data-end=\"892\"><strong data-start=\"773\" data-end=\"796\">Accessoire polyvalent<\/strong> \u2013 \u00e0 utiliser sur vos cl\u00e9s, sacs \u00e0 main ou sacs \u00e0 dos<\/li>\n<li data-start=\"652\" data-end=\"892\"><strong data-start=\"843\" data-end=\"874\" data-is-only-node=\"\">Style minimaliste et moderne <\/strong>\u2013 s\u2019adapte \u00e0 tous les looks<\/li>\n<\/ul>\n<p data-start=\"894\" data-end=\"1106\">Ce <strong data-start=\"899\" data-end=\"922\">porte-cl\u00e9s chihuahua <\/strong> est \u00e9galement un cadeau attentionn\u00e9 pour les propri\u00e9taires d&rsquo;animaux et les amoureux des animaux. Mignon, fonctionnel et plein de personnalit\u00e9 &#8211; le petit accessoire parfait pour \u00e9gayer votre quotidien.<\/p>\n<p data-start=\"62\" data-end=\"86\"><strong data-start=\"62\" data-end=\"84\">Dimensions du produit:<\/strong><\/p>\n<ul>\n<li><strong data-start=\"89\" data-end=\"99\">Taille S<\/strong>: 4.1cm (L) \u00d7 4.7cm (H) \u00d7 5.1cm (P)<\/li>\n<\/ul>\n<ul data-start=\"87\" data-end=\"186\">\n<li data-start=\"87\" data-end=\"136\">\n<p data-start=\"89\" data-end=\"136\"><strong data-start=\"89\" data-end=\"99\">Taille M<\/strong>: 5.1cm (L) \u00d7 5.8cm (H) \u00d7 6.5cm (P)<\/p>\n<\/li>\n<li><strong data-start=\"89\" data-end=\"99\">Taille L<\/strong>: 6.4cm (L) \u00d7 7.3cm (H) \u00d7 7.2cm (P)<\/li>\n<\/ul>\n","protected":false},"excerpt":{"rendered":"<p>Apportez une touche de charme partout o\u00f9 vous allez avec notre <strong data-start=\"241\" data-end=\"264\">porte-cl\u00e9s chihuahua.<\/strong> Con\u00e7u dans un style minimaliste mais adorable, ce porte-cl\u00e9s est l&rsquo;accessoire parfait pour les amoureux des chiens qui veulent garder leur race pr\u00e9f\u00e9r\u00e9e \u00e0 port\u00e9e de main.<\/p>\n","protected":false},"featured_media":4636,"comment_status":"open","ping_status":"closed","template":"","meta":[],"product_brand":[],"product_cat":[136],"product_tag":[],"class_list":{"0":"post-4737","1":"product","2":"type-product","3":"status-publish","4":"has-post-thumbnail","6":"product_cat-accessoires-pour-animaux","7":"pa_color-beige","8":"pa_color-blanc","9":"pa_color-gris","10":"pa_color-marron","11":"pa_color-noir","13":"first","14":"instock","15":"shipping-taxable","16":"purchasable","17":"product-type-variable"},"_links":{"self":[{"href":"https:\/\/decoranimal.com\/fr\/wp-json\/wp\/v2\/product\/4737","targetHints":{"allow":["GET"]}}],"collection":[{"href":"https:\/\/decoranimal.com\/fr\/wp-json\/wp\/v2\/product"}],"about":[{"href":"https:\/\/decoranimal.com\/fr\/wp-json\/wp\/v2\/types\/product"}],"replies":[{"embeddable":true,"href":"https:\/\/decoranimal.com\/fr\/wp-json\/wp\/v2\/comments?post=4737"}],"wp:featuredmedia":[{"embeddable":true,"href":"https:\/\/decoranimal.com\/fr\/wp-json\/wp\/v2\/media\/4636"}],"wp:attachment":[{"href":"https:\/\/decoranimal.com\/fr\/wp-json\/wp\/v2\/media?parent=4737"}],"wp:term":[{"taxonomy":"product_brand","embeddable":true,"href":"https:\/\/decoranimal.com\/fr\/wp-json\/wp\/v2\/product_brand?post=4737"},{"taxonomy":"product_cat","embeddable":true,"href":"https:\/\/decoranimal.com\/fr\/wp-json\/wp\/v2\/product_cat?post=4737"},{"taxonomy":"product_tag","embeddable":true,"href":"https:\/\/decoranimal.com\/fr\/wp-json\/wp\/v2\/product_tag?post=4737"}],"curies":[{"name":"wp","href":"https:\/\/api.w.org\/{rel}","templated":true}]}}