{"id":3475,"date":"2025-10-14T15:58:58","date_gmt":"2025-10-14T15:58:58","guid":{"rendered":"https:\/\/decoranimal.com\/?post_type=product&#038;p=3475"},"modified":"2025-10-23T18:40:39","modified_gmt":"2025-10-23T18:40:39","slug":"the-side-table","status":"publish","type":"product","link":"https:\/\/decoranimal.com\/fr\/produit\/the-side-table\/","title":{"rendered":"The Side Table"},"content":{"rendered":"<p>Offrez \u00e0 votre compagnon \u00e0 fourrure le confort qu\u2019il m\u00e9rite avec notre lit pour animal minimaliste, inspir\u00e9 par la forme d\u2019une table d\u2019appoint. Con\u00e7u avec une structure unique en forme de puzzle, ce lit allie fonctionnalit\u00e9, style et durabilit\u00e9, en faisant l\u2019ajout parfait \u00e0 tout int\u00e9rieur moderne.<\/p>\n<p>Fabriqu\u00e9 \u00e0 partir de bois de qualit\u00e9 sup\u00e9rieure et de tissu haut de gamme, ce lit pour animal avec table d\u2019appoint est \u00e0 la fois robuste et \u00e9l\u00e9gant. L\u2019assemblage en puzzle facilite l\u2019installation, rend le lit solide une fois mont\u00e9 et visuellement saisissant gr\u00e2ce \u00e0 ses lignes \u00e9pur\u00e9es et sa silhouette minimaliste. Son design offre \u00e0 votre animal une agr\u00e9able sensation d\u2019abri tout en s\u2019int\u00e9grant parfaitement aux int\u00e9rieurs contemporains.<\/p>\n<ul>\n<li>Design minimaliste qui compl\u00e8te les espaces modernes<\/li>\n<li>Structure en puzzle \u2013 facile \u00e0 assembler, solide et durable<\/li>\n<li>Fabriqu\u00e9 en bois et tissu pour une finition naturelle et robuste<\/li>\n<li>Table d\u2019appoint qui offre \u00e9galement confort et s\u00e9curit\u00e9 \u00e0 vos animaux.<\/li>\n<\/ul>\n<p>Ce lit pour animal minimaliste avec table d\u2019appoint est bien plus qu\u2019un simple meuble \u2013 c\u2019est un refuge \u00e9l\u00e9gant et fonctionnel pour votre chien ou votre chat, con\u00e7u pour durer et pour embellir votre int\u00e9rieur.<\/p>\n<p data-start=\"62\" data-end=\"86\"><strong data-start=\"62\" data-end=\"84\">Dimensions du produit<\/strong><\/p>\n<ul data-start=\"87\" data-end=\"186\">\n<li data-start=\"87\" data-end=\"136\">\n<p data-start=\"89\" data-end=\"136\"><strong data-start=\"89\" data-end=\"99\">Taille<\/strong>: 48,0 cm (L) \u00d7 59,0 cm (H) \u00d7 48,0 cm (P)<\/p>\n<\/li>\n<\/ul>\n","protected":false},"excerpt":{"rendered":"<p>Offrez \u00e0 votre compagnon \u00e0 fourrure le confort qu\u2019il m\u00e9rite avec notre lit pour animal minimaliste, inspir\u00e9 par la forme d\u2019une table d\u2019appoint. Con\u00e7u avec une structure unique en forme de puzzle, ce lit allie fonctionnalit\u00e9, style et durabilit\u00e9, en faisant l\u2019ajout parfait \u00e0 tout int\u00e9rieur moderne.<\/p>\n","protected":false},"featured_media":3545,"comment_status":"open","ping_status":"closed","template":"","meta":[],"product_brand":[],"product_cat":[105],"product_tag":[],"class_list":{"0":"post-3475","1":"product","2":"type-product","3":"status-publish","4":"has-post-thumbnail","6":"product_cat-lits-pour-animaux","8":"first","9":"instock","10":"featured","11":"shipping-taxable","12":"purchasable","13":"product-type-variable"},"_links":{"self":[{"href":"https:\/\/decoranimal.com\/fr\/wp-json\/wp\/v2\/product\/3475","targetHints":{"allow":["GET"]}}],"collection":[{"href":"https:\/\/decoranimal.com\/fr\/wp-json\/wp\/v2\/product"}],"about":[{"href":"https:\/\/decoranimal.com\/fr\/wp-json\/wp\/v2\/types\/product"}],"replies":[{"embeddable":true,"href":"https:\/\/decoranimal.com\/fr\/wp-json\/wp\/v2\/comments?post=3475"}],"wp:featuredmedia":[{"embeddable":true,"href":"https:\/\/decoranimal.com\/fr\/wp-json\/wp\/v2\/media\/3545"}],"wp:attachment":[{"href":"https:\/\/decoranimal.com\/fr\/wp-json\/wp\/v2\/media?parent=3475"}],"wp:term":[{"taxonomy":"product_brand","embeddable":true,"href":"https:\/\/decoranimal.com\/fr\/wp-json\/wp\/v2\/product_brand?post=3475"},{"taxonomy":"product_cat","embeddable":true,"href":"https:\/\/decoranimal.com\/fr\/wp-json\/wp\/v2\/product_cat?post=3475"},{"taxonomy":"product_tag","embeddable":true,"href":"https:\/\/decoranimal.com\/fr\/wp-json\/wp\/v2\/product_tag?post=3475"}],"curies":[{"name":"wp","href":"https:\/\/api.w.org\/{rel}","templated":true}]}}