{"id":2724,"date":"2025-09-17T22:08:10","date_gmt":"2025-09-17T22:08:10","guid":{"rendered":"https:\/\/decoranimal.com\/product\/portrait-animal-encadre\/"},"modified":"2025-09-26T18:07:21","modified_gmt":"2025-09-26T18:07:21","slug":"portrait-animal-encadre","status":"publish","type":"product","link":"https:\/\/decoranimal.com\/fr\/produit\/portrait-animal-encadre\/","title":{"rendered":"Portrait d\u2019animal encadr\u00e9"},"content":{"rendered":"<p data-start=\"116\" data-end=\"503\"><strong data-start=\"116\" data-end=\"192\">C\u00e9l\u00e9brez le lien avec votre ami \u00e0 quatre pattes \u00e0 travers une \u0153uvre d\u2019art unique.<\/strong>  Nos bustes plastifi\u00e9s de chiens et de chats sont con\u00e7us pour capturer non seulement la ressemblance, mais aussi l\u2019esprit et la personnalit\u00e9 de votre compagnon bien-aim\u00e9. Chaque pi\u00e8ce est fabriqu\u00e9e avec une profondeur complexe et des d\u00e9tails r\u00e9alistes qui rendent la pr\u00e9sence de votre animal vraiment vivante. <\/p>\n<p data-start=\"505\" data-end=\"836\">Mont\u00e9s dans un cadre \u00e9l\u00e9gant et pr\u00eats \u00e0 \u00eatre accroch\u00e9s, ces portraits s\u2019int\u00e8grent parfaitement dans n\u2019importe quel d\u00e9cor int\u00e9rieur, transformant un souvenir pr\u00e9cieux en une pi\u00e8ce ma\u00eetresse pour votre mur. Chaque portrait repr\u00e9sente l\u2019harmonie parfaite entre la technologie moderne et l\u2019artisanat d\u2019art, assurant une finition \u00e0 la fois durable et visuellement frappante. <\/p>\n<p data-start=\"838\" data-end=\"1131\">Que vous cherchiez \u00e0 honorer un ami fid\u00e8le qui est toujours \u00e0 vos c\u00f4t\u00e9s, ou \u00e0 vous souvenir d\u2019un animal de compagnie qui a laiss\u00e9 des empreintes de pattes sur votre c\u0153ur, ce souvenir est une fa\u00e7on intemporelle de c\u00e9l\u00e9brer l\u2019amour inconditionnel que seuls les animaux de compagnie peuvent donner. Il ne s\u2019agit pas seulement d\u2019art mural, c\u2019est un morceau de votre histoire, encadr\u00e9 pour toujours. <\/p>\n<p data-start=\"62\" data-end=\"86\"><strong data-start=\"62\" data-end=\"84\">Dimensions du produit:<\/strong><\/p>\n<ul>\n<li><strong data-start=\"89\" data-end=\"99\">Taille du cadre<\/strong>: 22.2cm (W) \u00d7 27.2cm (H)<\/li>\n<\/ul>\n","protected":false},"excerpt":{"rendered":"<p><strong data-start=\"116\" data-end=\"192\">C\u00e9l\u00e9brez le lien avec votre ami \u00e0 quatre pattes \u00e0 travers une \u0153uvre d\u2019art unique.<\/strong> Nos bustes lamin\u00e9s de chiens et de chats sont con\u00e7us pour capturer non seulement la ressemblance, mais aussi l\u2019esprit et la personnalit\u00e9 de votre compagnon bien-aim\u00e9. D\u00e9couvrez notre portrait d\u2019animal encadr\u00e9. <\/p>\n","protected":false},"featured_media":2390,"comment_status":"open","ping_status":"closed","template":"","meta":[],"product_brand":[],"product_cat":[177],"product_tag":[],"class_list":{"0":"post-2724","1":"product","2":"type-product","3":"status-publish","4":"has-post-thumbnail","6":"product_cat-art-mural","7":"pa_color-beige","8":"pa_color-blanc","9":"pa_color-marron","10":"pa_color-noir","12":"first","13":"instock","14":"shipping-taxable","15":"purchasable","16":"product-type-variable"},"_links":{"self":[{"href":"https:\/\/decoranimal.com\/fr\/wp-json\/wp\/v2\/product\/2724","targetHints":{"allow":["GET"]}}],"collection":[{"href":"https:\/\/decoranimal.com\/fr\/wp-json\/wp\/v2\/product"}],"about":[{"href":"https:\/\/decoranimal.com\/fr\/wp-json\/wp\/v2\/types\/product"}],"replies":[{"embeddable":true,"href":"https:\/\/decoranimal.com\/fr\/wp-json\/wp\/v2\/comments?post=2724"}],"wp:featuredmedia":[{"embeddable":true,"href":"https:\/\/decoranimal.com\/fr\/wp-json\/wp\/v2\/media\/2390"}],"wp:attachment":[{"href":"https:\/\/decoranimal.com\/fr\/wp-json\/wp\/v2\/media?parent=2724"}],"wp:term":[{"taxonomy":"product_brand","embeddable":true,"href":"https:\/\/decoranimal.com\/fr\/wp-json\/wp\/v2\/product_brand?post=2724"},{"taxonomy":"product_cat","embeddable":true,"href":"https:\/\/decoranimal.com\/fr\/wp-json\/wp\/v2\/product_cat?post=2724"},{"taxonomy":"product_tag","embeddable":true,"href":"https:\/\/decoranimal.com\/fr\/wp-json\/wp\/v2\/product_tag?post=2724"}],"curies":[{"name":"wp","href":"https:\/\/api.w.org\/{rel}","templated":true}]}}