{"id":1681,"date":"2025-09-06T10:04:16","date_gmt":"2025-09-06T10:04:16","guid":{"rendered":"https:\/\/decoranimal.com\/product\/support-ringline\/"},"modified":"2025-09-06T10:04:16","modified_gmt":"2025-09-06T10:04:16","slug":"support-ringline","status":"publish","type":"product","link":"https:\/\/decoranimal.com\/fr\/produit\/support-ringline\/","title":{"rendered":"Support Ringline"},"content":{"rendered":"<p data-start=\"143\" data-end=\"451\">Am\u00e9liorez les repas de votre animal avec le<strong data-start=\"180\" data-end=\"198\"> Support Ringline<\/strong>, un support de gamelle sur\u00e9lev\u00e9 \u00e9l\u00e9gant et moderne, con\u00e7u pour les chiens et les chats. Avec sa silhouette unique en anneaux empil\u00e9s, inspir\u00e9e des fines couches circulaires, il apporte \u00e9l\u00e9gance et fonctionnalit\u00e9 \u00e0 votre int\u00e9rieur tout en am\u00e9liorant la posture de votre animal lors des repas. <\/p>\n<p data-start=\"453\" data-end=\"725\">Le <strong data-start=\"457\" data-end=\"475\">Support Ringline<\/strong> n\u2019est pas seulement \u00e9l\u00e9gant \u2013 il est con\u00e7u pour favoriser des habitudes alimentaires plus saines. En sur\u00e9levant les gamelles de nourriture et d\u2019eau de votre animal \u00e0 une hauteur confortable, il aide \u00e0 r\u00e9duire la tension du cou, encourage une meilleure digestion et rend les repas plus propres et mieux organis\u00e9s. <\/p>\n<p data-start=\"727\" data-end=\"996\">Confectionn\u00e9 avec des mat\u00e9riaux durables et de haute qualit\u00e9, ce support sur\u00e9lev\u00e9 pour gamelles assure stabilit\u00e9 tout en s\u2019int\u00e9grant parfaitement aux int\u00e9rieurs modernes. Son design minimaliste apporte une touche de sophistication, en faisant autant une pi\u00e8ce ma\u00eetresse qu\u2019un accessoire pratique. <\/p>\n<ul data-start=\"998\" data-end=\"1240\">\n<li data-start=\"998\" data-end=\"1044\">\n<p data-start=\"1000\" data-end=\"1044\">Design unique en anneaux empil\u00e9s pour un look moderne<\/p>\n<\/li>\n<li data-start=\"1045\" data-end=\"1089\">\n<p data-start=\"1047\" data-end=\"1089\">Favorise une posture et une digestion plus saines<\/p>\n<\/li>\n<li data-start=\"1090\" data-end=\"1151\">\n<p data-start=\"1092\" data-end=\"1151\">Fonctionne comme support sur\u00e9lev\u00e9 pour gamelles de chiens et chat<\/p>\n<\/li>\n<li data-start=\"1152\" data-end=\"1190\">\n<p data-start=\"1154\" data-end=\"1190\">Durable, stable et facile \u00e0 nettoyer<\/p>\n<\/li>\n<li data-start=\"1191\" data-end=\"1240\">\n<p data-start=\"1193\" data-end=\"1240\">Compl\u00e8te les int\u00e9rieurs minimalistes et contemporains<\/p>\n<\/li>\n<\/ul>\n<p data-start=\"1242\" data-end=\"1405\">Offrez \u00e0 votre compagnon \u00e0 fourrure le confort qu\u2019il m\u00e9rite tout en valorisant votre espace avec le <strong data-start=\"1326\" data-end=\"1344\">Support Ringline <\/strong>\u2013 l\u2019\u00e9quilibre parfait entre design, durabilit\u00e9 et bien-\u00eatre.<\/p>\n","protected":false},"excerpt":{"rendered":"<p>Offrez \u00e0 votre compagnon \u00e0 fourrure le confort qu\u2019il m\u00e9rite tout en am\u00e9liorant votre espace avec le <strong data-start=\"1326\" data-end=\"1344\">Support Ringline<\/strong> \u2013 l\u2019\u00e9quilibre parfait entre design, durabilit\u00e9 et bien-\u00eatre.<\/p>\n","protected":false},"featured_media":983,"comment_status":"open","ping_status":"closed","template":"","meta":[],"product_brand":[],"product_cat":[136],"product_tag":[],"class_list":{"0":"post-1681","1":"product","2":"type-product","3":"status-publish","4":"has-post-thumbnail","6":"product_cat-accessoires-pour-animaux","7":"pa_color-beige","8":"pa_color-blanc","9":"pa_color-gris","10":"pa_color-marron","11":"pa_color-noir","13":"first","14":"instock","15":"shipping-taxable","16":"purchasable","17":"product-type-variable"},"_links":{"self":[{"href":"https:\/\/decoranimal.com\/fr\/wp-json\/wp\/v2\/product\/1681","targetHints":{"allow":["GET"]}}],"collection":[{"href":"https:\/\/decoranimal.com\/fr\/wp-json\/wp\/v2\/product"}],"about":[{"href":"https:\/\/decoranimal.com\/fr\/wp-json\/wp\/v2\/types\/product"}],"replies":[{"embeddable":true,"href":"https:\/\/decoranimal.com\/fr\/wp-json\/wp\/v2\/comments?post=1681"}],"wp:featuredmedia":[{"embeddable":true,"href":"https:\/\/decoranimal.com\/fr\/wp-json\/wp\/v2\/media\/983"}],"wp:attachment":[{"href":"https:\/\/decoranimal.com\/fr\/wp-json\/wp\/v2\/media?parent=1681"}],"wp:term":[{"taxonomy":"product_brand","embeddable":true,"href":"https:\/\/decoranimal.com\/fr\/wp-json\/wp\/v2\/product_brand?post=1681"},{"taxonomy":"product_cat","embeddable":true,"href":"https:\/\/decoranimal.com\/fr\/wp-json\/wp\/v2\/product_cat?post=1681"},{"taxonomy":"product_tag","embeddable":true,"href":"https:\/\/decoranimal.com\/fr\/wp-json\/wp\/v2\/product_tag?post=1681"}],"curies":[{"name":"wp","href":"https:\/\/api.w.org\/{rel}","templated":true}]}}