{"id":1467,"date":"2025-08-28T16:01:29","date_gmt":"2025-08-28T16:01:29","guid":{"rendered":"https:\/\/decoranimal.com\/product\/porte-cles-caniche-toy\/"},"modified":"2025-10-08T17:28:38","modified_gmt":"2025-10-08T17:28:38","slug":"porte-cles-caniche-toy","status":"publish","type":"product","link":"https:\/\/decoranimal.com\/fr\/produit\/porte-cles-caniche-toy\/","title":{"rendered":"Porte-cl\u00e9s Caniche Toy"},"content":{"rendered":"<p data-start=\"134\" data-end=\"189\"><strong data-start=\"134\" data-end=\"187\">Porte-cl\u00e9s Caniche Toy \u2013 Accessoire mignon et minimaliste<\/strong><\/p>\n<p data-start=\"191\" data-end=\"421\">Emportez une touche de charme partout avec notre porte-cl\u00e9s <strong data-start=\"241\" data-end=\"264\">Caniche Toy.<\/strong> Con\u00e7u dans un style minimaliste mais adorable, ce porte-cl\u00e9s est l&rsquo;accessoire parfait pour les amoureux des chiens qui veulent garder leur race pr\u00e9f\u00e9r\u00e9e \u00e0 port\u00e9e de main.<\/p>\n<p data-start=\"423\" data-end=\"650\">Confectionn\u00e9 avec des mat\u00e9riaux durables, il pr\u00e9sente une figurine d\u00e9taill\u00e9e de Caniche Toy qui apporte de la personnalit\u00e9 \u00e0 vos cl\u00e9s, sacs ou sacs \u00e0 dos. L\u00e9ger et pratique, il n\u2019est pas seulement un porte-cl\u00e9s fonctionnel mais aussi un accessoire \u00e9l\u00e9gant.<\/p>\n<ul>\n<li data-start=\"652\" data-end=\"892\"><strong data-start=\"655\" data-end=\"685\">Adorable design Caniche Toy<\/strong> \u2013 parfait pour les amoureux des chiens<\/li>\n<li data-start=\"652\" data-end=\"892\"><strong data-start=\"716\" data-end=\"741\">Durable et l\u00e9ger <\/strong>\u2013 con\u00e7u pour un usage quotidien<\/li>\n<li data-start=\"652\" data-end=\"892\"><strong data-start=\"773\" data-end=\"796\">Accessoire polyvalent<\/strong> \u2013 \u00e0 utiliser sur vos cl\u00e9s, sacs \u00e0 main ou sacs \u00e0 dos<\/li>\n<li data-start=\"652\" data-end=\"892\"><strong data-start=\"843\" data-end=\"874\" data-is-only-node=\"\">Style minimaliste et moderne <\/strong>\u2013 s\u2019adapte \u00e0 tous les looks<\/li>\n<\/ul>\n<p data-start=\"894\" data-end=\"1106\">Ce <strong data-start=\"899\" data-end=\"922\">porte-cl\u00e9s Caniche Toy <\/strong>constitue \u00e9galement un cadeau attentionn\u00e9 pour les propri\u00e9taires d\u2019animaux et les passionn\u00e9s de caniches. Mignon, fonctionnel et plein de personnalit\u00e9 \u2013 le petit accessoire parfait pour \u00e9gayer votre quotidien.<\/p>\n<p data-start=\"62\" data-end=\"86\"><strong data-start=\"62\" data-end=\"84\">Dimensions du produit:<\/strong><\/p>\n<ul>\n<li><strong data-start=\"89\" data-end=\"99\">Taille S<\/strong>: 2.9cm (W) \u00d7 4.7cm (H) \u00d7 3.9cm (D)<\/li>\n<\/ul>\n<ul data-start=\"87\" data-end=\"186\">\n<li data-start=\"87\" data-end=\"136\">\n<p data-start=\"89\" data-end=\"136\"><strong data-start=\"89\" data-end=\"99\">Taille M<\/strong>: 3.6cm (W) \u00d7 5.8cm (H) \u00d7 4.9cm (D)<\/p>\n<\/li>\n<li><strong data-start=\"89\" data-end=\"99\">Taille L<\/strong>: 4.6cm (W) \u00d7 7.3cm (H) \u00d7 6.1cm (D)<\/li>\n<\/ul>\n","protected":false},"excerpt":{"rendered":"<p>Emportez une touche de charme partout avec notre porte-cl\u00e9s <strong data-start=\"241\" data-end=\"264\">Caniche Toy.<\/strong> Con\u00e7u dans un style minimaliste mais adorable, ce porte-cl\u00e9s est l&rsquo;accessoire parfait pour les amoureux des chiens qui veulent garder leur race pr\u00e9f\u00e9r\u00e9e \u00e0 port\u00e9e de main.<\/p>\n","protected":false},"featured_media":4094,"comment_status":"open","ping_status":"closed","template":"","meta":[],"product_brand":[],"product_cat":[136],"product_tag":[],"class_list":{"0":"post-1467","1":"product","2":"type-product","3":"status-publish","4":"has-post-thumbnail","6":"product_cat-accessoires-pour-animaux","7":"pa_color-beige","8":"pa_color-blanc","9":"pa_color-marron","10":"pa_color-noir","12":"first","13":"instock","14":"featured","15":"shipping-taxable","16":"purchasable","17":"product-type-variable"},"_links":{"self":[{"href":"https:\/\/decoranimal.com\/fr\/wp-json\/wp\/v2\/product\/1467","targetHints":{"allow":["GET"]}}],"collection":[{"href":"https:\/\/decoranimal.com\/fr\/wp-json\/wp\/v2\/product"}],"about":[{"href":"https:\/\/decoranimal.com\/fr\/wp-json\/wp\/v2\/types\/product"}],"replies":[{"embeddable":true,"href":"https:\/\/decoranimal.com\/fr\/wp-json\/wp\/v2\/comments?post=1467"}],"wp:featuredmedia":[{"embeddable":true,"href":"https:\/\/decoranimal.com\/fr\/wp-json\/wp\/v2\/media\/4094"}],"wp:attachment":[{"href":"https:\/\/decoranimal.com\/fr\/wp-json\/wp\/v2\/media?parent=1467"}],"wp:term":[{"taxonomy":"product_brand","embeddable":true,"href":"https:\/\/decoranimal.com\/fr\/wp-json\/wp\/v2\/product_brand?post=1467"},{"taxonomy":"product_cat","embeddable":true,"href":"https:\/\/decoranimal.com\/fr\/wp-json\/wp\/v2\/product_cat?post=1467"},{"taxonomy":"product_tag","embeddable":true,"href":"https:\/\/decoranimal.com\/fr\/wp-json\/wp\/v2\/product_tag?post=1467"}],"curies":[{"name":"wp","href":"https:\/\/api.w.org\/{rel}","templated":true}]}}