{"id":1394,"date":"2025-09-05T21:39:07","date_gmt":"2025-09-05T21:39:07","guid":{"rendered":"https:\/\/decoranimal.com\/product\/the-cube\/"},"modified":"2025-09-26T18:05:32","modified_gmt":"2025-09-26T18:05:32","slug":"the-cube","status":"publish","type":"product","link":"https:\/\/decoranimal.com\/fr\/produit\/the-cube\/","title":{"rendered":"The Cube"},"content":{"rendered":"<p data-start=\"151\" data-end=\"407\">D\u00e9couvrez <strong data-start=\"160\" data-end=\"172\">The Cube <\/strong>\u2013 un meuble polyvalent et minimaliste au design cubique audacieux. Bien plus qu\u2019une table d\u2019appoint ou une table basse moderne, il se transforme en un refuge confortable pour votre chien ou votre chat, alliant praticit\u00e9, confort et style en une pi\u00e8ce unique. <\/p>\n<p data-start=\"409\" data-end=\"775\">Con\u00e7u \u00e0 partir de mat\u00e9riaux de qualit\u00e9 sup\u00e9rieure, <strong data-start=\"439\" data-end=\"451\">The Cube<\/strong> est solide, \u00e9l\u00e9gant et con\u00e7u pour durer. Sa g\u00e9om\u00e9trie \u00e9pur\u00e9e lui conf\u00e8re une pr\u00e9sence sculpturale dans n\u2019importe quelle pi\u00e8ce, tandis que sa structure creuse cr\u00e9e un coin abrit\u00e9 o\u00f9 votre animal peut se reposer confortablement. Que ce soit \u00e0 c\u00f4t\u00e9 de votre lit, dans le salon ou comme pi\u00e8ce d\u2019accent ind\u00e9pendante, il s\u2019adapte parfaitement \u00e0 vos besoins et \u00e0 ceux de votre animal.  <\/p>\n<ul data-start=\"777\" data-end=\"1019\">\n<li data-start=\"777\" data-end=\"834\">\n<p data-start=\"779\" data-end=\"834\">Design moderne de niche pour chien qui sublime les int\u00e9rieurs<\/p>\n<\/li>\n<li data-start=\"835\" data-end=\"901\">\n<p data-start=\"837\" data-end=\"901\">Multifonction \u2013 table de chevet, table basse et lit pour animaux en un seul meuble<\/p>\n<\/li>\n<li data-start=\"902\" data-end=\"954\">\n<p data-start=\"904\" data-end=\"954\">Construction durable en mat\u00e9riaux de haute qualit\u00e9<\/p>\n<\/li>\n<li data-start=\"955\" data-end=\"1019\">\n<p data-start=\"957\" data-end=\"1019\">Espace int\u00e9rieur confortable offrant confort et s\u00e9curit\u00e9 aux animaux<\/p>\n<\/li>\n<\/ul>\n<p data-start=\"1021\" data-end=\"1195\"><strong data-start=\"1021\" data-end=\"1033\">The Cube<\/strong> est bien plus qu\u2019un meuble \u2013 c\u2019est une pi\u00e8ce multifonctionnelle qui apporte beaut\u00e9, utilit\u00e9 et confort dans votre maison, pour vous et votre compagnon \u00e0 fourrure.<\/p>\n<p data-start=\"62\" data-end=\"86\"><strong data-start=\"62\" data-end=\"84\">Dimensions du produit<\/strong><\/p>\n<ul data-start=\"87\" data-end=\"186\">\n<li data-start=\"87\" data-end=\"136\">\n<p data-start=\"89\" data-end=\"136\"><strong data-start=\"89\" data-end=\"99\">Taille S<\/strong>: 51.3cm (W) \u00d7 51.3cm (H) \u00d7 42.0cm (D)<\/p>\n<\/li>\n<li data-start=\"137\" data-end=\"186\">\n<p data-start=\"139\" data-end=\"186\"><strong data-start=\"139\" data-end=\"149\">Taille M<\/strong>: 61.3cm (W) \u00d7 61.3cm (H) \u00d7 52.0cm (D)<\/p>\n<\/li>\n<\/ul>\n","protected":false},"excerpt":{"rendered":"<p>Offrez \u00e0 votre compagnon \u00e0 fourrure le confort qu\u2019il m\u00e9rite avec notre lit minimaliste pour animaux, inspir\u00e9 de la forme d\u2019une maison cubique. Con\u00e7u avec une structure unique en forme de puzzle, ce lit allie fonctionnalit\u00e9, style et durabilit\u00e9, en faisant l\u2019ajout parfait \u00e0 tout int\u00e9rieur moderne.<\/p>\n","protected":false},"featured_media":2852,"comment_status":"open","ping_status":"closed","template":"","meta":[],"product_brand":[],"product_cat":[105],"product_tag":[],"class_list":{"0":"post-1394","1":"product","2":"type-product","3":"status-publish","4":"has-post-thumbnail","6":"product_cat-lits-pour-animaux","8":"first","9":"instock","10":"featured","11":"shipping-taxable","12":"purchasable","13":"product-type-variable"},"_links":{"self":[{"href":"https:\/\/decoranimal.com\/fr\/wp-json\/wp\/v2\/product\/1394","targetHints":{"allow":["GET"]}}],"collection":[{"href":"https:\/\/decoranimal.com\/fr\/wp-json\/wp\/v2\/product"}],"about":[{"href":"https:\/\/decoranimal.com\/fr\/wp-json\/wp\/v2\/types\/product"}],"replies":[{"embeddable":true,"href":"https:\/\/decoranimal.com\/fr\/wp-json\/wp\/v2\/comments?post=1394"}],"wp:featuredmedia":[{"embeddable":true,"href":"https:\/\/decoranimal.com\/fr\/wp-json\/wp\/v2\/media\/2852"}],"wp:attachment":[{"href":"https:\/\/decoranimal.com\/fr\/wp-json\/wp\/v2\/media?parent=1394"}],"wp:term":[{"taxonomy":"product_brand","embeddable":true,"href":"https:\/\/decoranimal.com\/fr\/wp-json\/wp\/v2\/product_brand?post=1394"},{"taxonomy":"product_cat","embeddable":true,"href":"https:\/\/decoranimal.com\/fr\/wp-json\/wp\/v2\/product_cat?post=1394"},{"taxonomy":"product_tag","embeddable":true,"href":"https:\/\/decoranimal.com\/fr\/wp-json\/wp\/v2\/product_tag?post=1394"}],"curies":[{"name":"wp","href":"https:\/\/api.w.org\/{rel}","templated":true}]}}