{"id":1284,"date":"2025-08-28T06:27:59","date_gmt":"2025-08-28T06:27:59","guid":{"rendered":"https:\/\/decoranimal.com\/product\/the-home\/"},"modified":"2025-09-26T17:45:23","modified_gmt":"2025-09-26T17:45:23","slug":"the-home","status":"publish","type":"product","link":"https:\/\/decoranimal.com\/fr\/produit\/the-home\/","title":{"rendered":"The Home"},"content":{"rendered":"<p>Offrez \u00e0 votre compagnon \u00e0 fourrure le confort qu\u2019il m\u00e9rite avec notre lit minimaliste pour animaux, inspir\u00e9 de la forme d\u2019une maison traditionnelle. Con\u00e7u avec une structure unique en forme de puzzle, ce lit allie fonctionnalit\u00e9, style et durabilit\u00e9, en faisant l\u2019ajout parfait \u00e0 tout int\u00e9rieur moderne.<\/p>\n<p>Confectionn\u00e9 en bois de qualit\u00e9 sup\u00e9rieure et en tissu haut de gamme, ce lit pour animaux est \u00e0 la fois robuste et \u00e9l\u00e9gant. L\u2019assemblage en puzzle facilite l\u2019installation, rend le lit solide une fois mont\u00e9 et visuellement saisissant gr\u00e2ce \u00e0 ses lignes \u00e9pur\u00e9es et sa silhouette minimaliste. Son design en forme de maison offre \u00e0 votre animal un sentiment de refuge confortable tout en s\u2019int\u00e9grant parfaitement dans les int\u00e9rieurs contemporains.<\/p>\n<ul>\n<li>Design minimaliste qui compl\u00e8te les espaces modernes<\/li>\n<li>Structure en puzzle \u2013 facile \u00e0 assembler, solide et durable<\/li>\n<li>Fabriqu\u00e9 en bois et tissu pour une finition naturelle et robuste<\/li>\n<li>Lit en forme de maison offrant confort et s\u00e9curit\u00e9 aux animaux<\/li>\n<\/ul>\n<p>Ce lit minimaliste pour animaux est bien plus qu\u2019un simple meuble \u2013 c\u2019est un refuge \u00e9l\u00e9gant et fonctionnel pour votre chien ou votre chat, con\u00e7u pour durer et pour \u00eatre beau dans votre int\u00e9rieur.<\/p>\n<p data-start=\"62\" data-end=\"86\"><strong data-start=\"62\" data-end=\"84\">Dimensions du produit<\/strong><\/p>\n<ul data-start=\"87\" data-end=\"186\">\n<li data-start=\"87\" data-end=\"136\">\n<p data-start=\"89\" data-end=\"136\"><strong data-start=\"89\" data-end=\"99\">Taille S<\/strong>: 51.3cm (W) \u00d7 53.6cm (H) \u00d7 42.0cm (D)<\/p>\n<\/li>\n<li data-start=\"137\" data-end=\"186\">\n<p data-start=\"139\" data-end=\"186\"><strong data-start=\"139\" data-end=\"149\">Taille M<\/strong>: 57.0cm (W) \u00d7 60.4cm (H) \u00d7 52.0cm (D)<\/p>\n<\/li>\n<\/ul>\n","protected":false},"excerpt":{"rendered":"<p>Offrez \u00e0 votre compagnon \u00e0 fourrure le confort qu\u2019il m\u00e9rite avec notre lit minimaliste pour animaux, inspir\u00e9 de la forme d\u2019une maison traditionnelle. Con\u00e7u avec une structure unique en forme de puzzle, ce lit allie fonctionnalit\u00e9, style et durabilit\u00e9, en faisant l\u2019ajout parfait \u00e0 tout int\u00e9rieur moderne.<\/p>\n","protected":false},"featured_media":1296,"comment_status":"open","ping_status":"closed","template":"","meta":[],"product_brand":[],"product_cat":[105],"product_tag":[],"class_list":{"0":"post-1284","1":"product","2":"type-product","3":"status-publish","4":"has-post-thumbnail","6":"product_cat-lits-pour-animaux","8":"first","9":"instock","10":"featured","11":"shipping-taxable","12":"purchasable","13":"product-type-variable"},"_links":{"self":[{"href":"https:\/\/decoranimal.com\/fr\/wp-json\/wp\/v2\/product\/1284","targetHints":{"allow":["GET"]}}],"collection":[{"href":"https:\/\/decoranimal.com\/fr\/wp-json\/wp\/v2\/product"}],"about":[{"href":"https:\/\/decoranimal.com\/fr\/wp-json\/wp\/v2\/types\/product"}],"replies":[{"embeddable":true,"href":"https:\/\/decoranimal.com\/fr\/wp-json\/wp\/v2\/comments?post=1284"}],"wp:featuredmedia":[{"embeddable":true,"href":"https:\/\/decoranimal.com\/fr\/wp-json\/wp\/v2\/media\/1296"}],"wp:attachment":[{"href":"https:\/\/decoranimal.com\/fr\/wp-json\/wp\/v2\/media?parent=1284"}],"wp:term":[{"taxonomy":"product_brand","embeddable":true,"href":"https:\/\/decoranimal.com\/fr\/wp-json\/wp\/v2\/product_brand?post=1284"},{"taxonomy":"product_cat","embeddable":true,"href":"https:\/\/decoranimal.com\/fr\/wp-json\/wp\/v2\/product_cat?post=1284"},{"taxonomy":"product_tag","embeddable":true,"href":"https:\/\/decoranimal.com\/fr\/wp-json\/wp\/v2\/product_tag?post=1284"}],"curies":[{"name":"wp","href":"https:\/\/api.w.org\/{rel}","templated":true}]}}