{"id":3644,"date":"2025-10-14T17:57:24","date_gmt":"2025-10-14T17:57:24","guid":{"rendered":"https:\/\/decoranimal.com\/?post_type=product&#038;p=3644"},"modified":"2025-11-02T18:30:08","modified_gmt":"2025-11-02T18:30:08","slug":"maltese-keychain","status":"publish","type":"product","link":"https:\/\/decoranimal.com\/es\/producto\/maltese-keychain\/","title":{"rendered":"Llavero Bich\u00f3n malt\u00e9s"},"content":{"rendered":"<p data-start=\"134\" data-end=\"189\"><strong data-start=\"134\" data-end=\"187\">Llavero Bich\u00f3n malt\u00e9s \u2013 Accesorio lindo y minimalista<\/strong><\/p>\n<p data-start=\"191\" data-end=\"421\">Lleva un toque de encanto a todas partes con nuestro <strong data-start=\"241\" data-end=\"264\">llavero Bich\u00f3n malt\u00e9s. <\/strong> Dise\u00f1ado con un estilo minimalista pero adorable, este llavero es el accesorio perfecto para los amantes de los perros que quieren tener a mano su raza favorita.<\/p>\n<p data-start=\"423\" data-end=\"650\">Fabricado con materiales duraderos, cuenta con una figura de perro detallada que a\u00f1ade personalidad a tus llaves, bolsos o mochilas. Ligero y pr\u00e1ctico, no es solo un llavero funcional sino tambi\u00e9n una pieza con estilo. <\/p>\n<ul>\n<li data-start=\"652\" data-end=\"892\"><strong data-start=\"655\" data-end=\"685\">Dise\u00f1o adorable <\/strong> \u2013 perfecto para los amantes de los perros<\/li>\n<li data-start=\"652\" data-end=\"892\"><strong data-start=\"716\" data-end=\"741\">Duradero y ligero<\/strong> \u2013 dise\u00f1ado para el uso diario<\/li>\n<li data-start=\"652\" data-end=\"892\"><strong data-start=\"773\" data-end=\"796\">Accesorio vers\u00e1til<\/strong> \u2013 \u00fasalo en llaves, bolsos o mochilas<\/li>\n<li data-start=\"652\" data-end=\"892\"><strong data-start=\"843\" data-end=\"874\" data-is-only-node=\"\">Estilo minimalista y moderno<\/strong> \u2013 combina con cualquier look<\/li>\n<\/ul>\n<p data-start=\"894\" data-end=\"1106\">Este <strong data-start=\"899\" data-end=\"922\"> llavero Bich\u00f3n malt\u00e9s <\/strong> tambi\u00e9n es un regalo considerado para due\u00f1os de mascotas y amantes de los animales. Bonito, funcional y lleno de personalidad: el peque\u00f1o accesorio perfecto para alegrar tu vida cotidiana.<\/p>\n<p data-start=\"62\" data-end=\"86\"><strong data-start=\"62\" data-end=\"84\">Dimensiones del producto:<\/strong><\/p>\n<ul>\n<li><strong data-start=\"89\" data-end=\"99\">Talla S<\/strong>: 3.0cm (W) \u00d7 4.4cm (H) \u00d7 4.5cm (D)<\/li>\n<\/ul>\n<ul data-start=\"87\" data-end=\"186\">\n<li data-start=\"87\" data-end=\"136\">\n<p data-start=\"89\" data-end=\"136\"><strong data-start=\"89\" data-end=\"99\">Talla M<\/strong>: 3.8cm (W) \u00d7 5.5cm (H) \u00d7 5.6cm (D)<\/p>\n<\/li>\n<li><strong data-start=\"89\" data-end=\"99\">Talla L<\/strong>: 4.7cm (W) \u00d7 6.9cm (H) \u00d7 7.0cm (D)<\/li>\n<\/ul>\n","protected":false},"excerpt":{"rendered":"<p>Lleva un toque de encanto a todas partes con nuestro <strong data-start=\"241\" data-end=\"264\">llavero Bich\u00f3n malt\u00e9s. <\/strong> Dise\u00f1ado con un estilo minimalista pero adorable, este llavero es el accesorio perfecto para los amantes de los perros que quieren tener a mano su raza favorita.<\/p>\n","protected":false},"featured_media":3783,"comment_status":"open","ping_status":"closed","template":"","meta":[],"product_brand":[],"product_cat":[141],"product_tag":[],"class_list":{"0":"post-3644","1":"product","2":"type-product","3":"status-publish","4":"has-post-thumbnail","6":"product_cat-accesorios-para-mascotas","7":"pa_color-blanco","9":"first","10":"instock","11":"shipping-taxable","12":"purchasable","13":"product-type-variable"},"_links":{"self":[{"href":"https:\/\/decoranimal.com\/es\/wp-json\/wp\/v2\/product\/3644","targetHints":{"allow":["GET"]}}],"collection":[{"href":"https:\/\/decoranimal.com\/es\/wp-json\/wp\/v2\/product"}],"about":[{"href":"https:\/\/decoranimal.com\/es\/wp-json\/wp\/v2\/types\/product"}],"replies":[{"embeddable":true,"href":"https:\/\/decoranimal.com\/es\/wp-json\/wp\/v2\/comments?post=3644"}],"wp:featuredmedia":[{"embeddable":true,"href":"https:\/\/decoranimal.com\/es\/wp-json\/wp\/v2\/media\/3783"}],"wp:attachment":[{"href":"https:\/\/decoranimal.com\/es\/wp-json\/wp\/v2\/media?parent=3644"}],"wp:term":[{"taxonomy":"product_brand","embeddable":true,"href":"https:\/\/decoranimal.com\/es\/wp-json\/wp\/v2\/product_brand?post=3644"},{"taxonomy":"product_cat","embeddable":true,"href":"https:\/\/decoranimal.com\/es\/wp-json\/wp\/v2\/product_cat?post=3644"},{"taxonomy":"product_tag","embeddable":true,"href":"https:\/\/decoranimal.com\/es\/wp-json\/wp\/v2\/product_tag?post=3644"}],"curies":[{"name":"wp","href":"https:\/\/api.w.org\/{rel}","templated":true}]}}