{"id":3466,"date":"2025-10-14T15:58:58","date_gmt":"2025-10-14T15:58:58","guid":{"rendered":"https:\/\/decoranimal.com\/?post_type=product&#038;p=3466"},"modified":"2025-10-23T18:42:34","modified_gmt":"2025-10-23T18:42:34","slug":"the-side-table","status":"publish","type":"product","link":"https:\/\/decoranimal.com\/es\/producto\/the-side-table\/","title":{"rendered":"The Side Table"},"content":{"rendered":"<p>Br\u00edndale a tu amigo peludo la comodidad que se merece con nuestra cama minimalista para mascotas, inspirada en la forma de una mesa auxiliar. Dise\u00f1ada con una estructura \u00fanica en forma de rompecabezas, esta cama combina funcionalidad, estilo y durabilidad, convirti\u00e9ndola en la adici\u00f3n perfecta para cualquier hogar moderno.<\/p>\n<p>Elaborada con madera de primera calidad y tela de alta gama, esta cama para mascotas con mesa auxiliar es tanto resistente como elegante. El montaje tipo puzzle facilita la instalaci\u00f3n, resulta resistente una vez armado y es visualmente llamativo gracias a sus l\u00edneas limpias y su silueta minimalista. Su dise\u00f1o brinda a tu mascota una acogedora sensaci\u00f3n de refugio, mientras se integra perfectamente en los interiores contempor\u00e1neos.<\/p>\n<ul>\n<li>Dise\u00f1o minimalista que complementa espacios modernos<\/li>\n<li>Estructura tipo rompecabezas \u2013 f\u00e1cil de montar, s\u00f3lida y duradera<\/li>\n<li>Hecho con madera y tela para un acabado natural y resistente<\/li>\n<li>Mesa auxiliar que tambi\u00e9n brinda comodidad y seguridad a tus mascotas.<\/li>\n<\/ul>\n<p>Esta cama minimalista para mascotas con mesa auxiliar es mucho m\u00e1s que un mueble: es un refugio elegante y funcional para tu perro o gato, dise\u00f1ada para durar y para lucir hermosa en tu hogar.<\/p>\n<p data-start=\"62\" data-end=\"86\"><strong data-start=\"62\" data-end=\"84\">Dimensiones del producto<\/strong><\/p>\n<ul data-start=\"87\" data-end=\"186\">\n<li data-start=\"87\" data-end=\"136\">\n<p data-start=\"89\" data-end=\"136\"><strong data-start=\"89\" data-end=\"99\">Tama\u00f1o<\/strong>: 48,0 cm (A) \u00d7 59,0 cm (A) \u00d7 48,0 cm (P)<\/p>\n<\/li>\n<\/ul>\n","protected":false},"excerpt":{"rendered":"<p>Br\u00edndale a tu amigo peludo la comodidad que se merece con nuestra cama minimalista para mascotas, inspirada en la forma de una mesa auxiliar. Dise\u00f1ada con una estructura \u00fanica en forma de rompecabezas, esta cama combina funcionalidad, estilo y durabilidad, convirti\u00e9ndola en la adici\u00f3n perfecta para cualquier hogar moderno.<\/p>\n","protected":false},"featured_media":3549,"comment_status":"open","ping_status":"closed","template":"","meta":[],"product_brand":[],"product_cat":[112],"product_tag":[],"class_list":{"0":"post-3466","1":"product","2":"type-product","3":"status-publish","4":"has-post-thumbnail","6":"product_cat-camas-para-mascotas","8":"first","9":"instock","10":"featured","11":"shipping-taxable","12":"purchasable","13":"product-type-variable"},"_links":{"self":[{"href":"https:\/\/decoranimal.com\/es\/wp-json\/wp\/v2\/product\/3466","targetHints":{"allow":["GET"]}}],"collection":[{"href":"https:\/\/decoranimal.com\/es\/wp-json\/wp\/v2\/product"}],"about":[{"href":"https:\/\/decoranimal.com\/es\/wp-json\/wp\/v2\/types\/product"}],"replies":[{"embeddable":true,"href":"https:\/\/decoranimal.com\/es\/wp-json\/wp\/v2\/comments?post=3466"}],"wp:featuredmedia":[{"embeddable":true,"href":"https:\/\/decoranimal.com\/es\/wp-json\/wp\/v2\/media\/3549"}],"wp:attachment":[{"href":"https:\/\/decoranimal.com\/es\/wp-json\/wp\/v2\/media?parent=3466"}],"wp:term":[{"taxonomy":"product_brand","embeddable":true,"href":"https:\/\/decoranimal.com\/es\/wp-json\/wp\/v2\/product_brand?post=3466"},{"taxonomy":"product_cat","embeddable":true,"href":"https:\/\/decoranimal.com\/es\/wp-json\/wp\/v2\/product_cat?post=3466"},{"taxonomy":"product_tag","embeddable":true,"href":"https:\/\/decoranimal.com\/es\/wp-json\/wp\/v2\/product_tag?post=3466"}],"curies":[{"name":"wp","href":"https:\/\/api.w.org\/{rel}","templated":true}]}}