{"id":2775,"date":"2025-09-17T22:08:10","date_gmt":"2025-09-17T22:08:10","guid":{"rendered":"https:\/\/decoranimal.com\/product\/retrato-de-mascota-enmarcado\/"},"modified":"2025-09-26T18:08:22","modified_gmt":"2025-09-26T18:08:22","slug":"retrato-de-mascota-enmarcado","status":"publish","type":"product","link":"https:\/\/decoranimal.com\/es\/producto\/retrato-de-mascota-enmarcado\/","title":{"rendered":"Retrato de mascota enmarcado"},"content":{"rendered":"<p data-start=\"116\" data-end=\"503\"><strong data-start=\"116\" data-end=\"192\">Celebra el v\u00ednculo con tu amigo peludo a trav\u00e9s de una obra de arte \u00fanica.<\/strong>  Nuestros bustos laminados de perros y gatos est\u00e1n dise\u00f1ados para capturar no solo la semejanza, sino tambi\u00e9n el esp\u00edritu y la personalidad de su amado compa\u00f1ero. Cada pieza est\u00e1 elaborada con una profundidad intrincada y detalles realistas que hacen que la presencia de tu mascota realmente cobre vida. <\/p>\n<p data-start=\"505\" data-end=\"836\">Montados en un marco elegante y listos para colgar, estos retratos se integran perfectamente en cualquier decoraci\u00f3n del hogar, transformando un recuerdo preciado en una pieza de declaraci\u00f3n para tu pared. Cada retrato representa la armon\u00eda perfecta entre la tecnolog\u00eda moderna y la artesan\u00eda art\u00edstica, asegurando un acabado duradero y visualmente llamativo. <\/p>\n<p data-start=\"838\" data-end=\"1131\">Ya sea que est\u00e9 buscando honrar a un amigo leal que todav\u00eda est\u00e1 a su lado, o recordar a una mascota que ha dejado huellas en su coraz\u00f3n, este recuerdo es una forma atemporal de celebrar el amor incondicional que solo las mascotas pueden dar. No es solo arte mural, es una parte de tu historia, enmarcada para siempre. <\/p>\n<p data-start=\"62\" data-end=\"86\"><strong data-start=\"62\" data-end=\"84\">Dimensiones del producto:<\/strong><\/p>\n<ul>\n<li><strong data-start=\"89\" data-end=\"99\">Tama\u00f1o del marco: <\/strong> 22.2cm (W) \u00d7 27.2cm (H)<\/li>\n<\/ul>\n","protected":false},"excerpt":{"rendered":"<p><strong data-start=\"116\" data-end=\"192\">Celebra el v\u00ednculo con tu amigo peludo a trav\u00e9s de una obra de arte \u00fanica.<\/strong> Nuestros bustos laminados de perros y gatos est\u00e1n dise\u00f1ados para capturar no solo la apariencia, sino tambi\u00e9n el esp\u00edritu y la personalidad de tu querido compa\u00f1ero. Descubre nuestro retrato de mascota enmarcado. <\/p>\n","protected":false},"featured_media":2394,"comment_status":"open","ping_status":"closed","template":"","meta":[],"product_brand":[],"product_cat":[175],"product_tag":[],"class_list":{"0":"post-2775","1":"product","2":"type-product","3":"status-publish","4":"has-post-thumbnail","6":"product_cat-arte-de-pared","7":"pa_color-beige","8":"pa_color-blanco","9":"pa_color-marron","10":"pa_color-negro","12":"first","13":"instock","14":"shipping-taxable","15":"purchasable","16":"product-type-variable"},"_links":{"self":[{"href":"https:\/\/decoranimal.com\/es\/wp-json\/wp\/v2\/product\/2775","targetHints":{"allow":["GET"]}}],"collection":[{"href":"https:\/\/decoranimal.com\/es\/wp-json\/wp\/v2\/product"}],"about":[{"href":"https:\/\/decoranimal.com\/es\/wp-json\/wp\/v2\/types\/product"}],"replies":[{"embeddable":true,"href":"https:\/\/decoranimal.com\/es\/wp-json\/wp\/v2\/comments?post=2775"}],"wp:featuredmedia":[{"embeddable":true,"href":"https:\/\/decoranimal.com\/es\/wp-json\/wp\/v2\/media\/2394"}],"wp:attachment":[{"href":"https:\/\/decoranimal.com\/es\/wp-json\/wp\/v2\/media?parent=2775"}],"wp:term":[{"taxonomy":"product_brand","embeddable":true,"href":"https:\/\/decoranimal.com\/es\/wp-json\/wp\/v2\/product_brand?post=2775"},{"taxonomy":"product_cat","embeddable":true,"href":"https:\/\/decoranimal.com\/es\/wp-json\/wp\/v2\/product_cat?post=2775"},{"taxonomy":"product_tag","embeddable":true,"href":"https:\/\/decoranimal.com\/es\/wp-json\/wp\/v2\/product_tag?post=2775"}],"curies":[{"name":"wp","href":"https:\/\/api.w.org\/{rel}","templated":true}]}}