{"id":2631,"date":"2025-09-18T14:33:10","date_gmt":"2025-09-18T14:33:10","guid":{"rendered":"https:\/\/decoranimal.com\/?post_type=product&#038;p=2631"},"modified":"2025-11-02T18:05:37","modified_gmt":"2025-11-02T18:05:37","slug":"llavero-schnauzer","status":"publish","type":"product","link":"https:\/\/decoranimal.com\/es\/producto\/llavero-schnauzer\/","title":{"rendered":"Llavero Schnauzer"},"content":{"rendered":"<p data-start=\"134\" data-end=\"189\"><strong data-start=\"134\" data-end=\"187\">Llavero Schnauzer \u2013 Accesorio lindo y minimalista<\/strong><\/p>\n<p data-start=\"191\" data-end=\"421\">Lleva un toque de encanto a donde quiera que vayas con nuestro <strong data-start=\"241\" data-end=\"264\">llavero schnauzer<\/strong>. Dise\u00f1ado con un estilo minimalista pero adorable, este llavero es el accesorio perfecto para los amantes de los perros que quieren tener a mano su raza favorita.<\/p>\n<p data-start=\"423\" data-end=\"650\">Fabricado con materiales duraderos, cuenta con una figura de perro detallada que a\u00f1ade personalidad a tus llaves, bolsos o mochilas. Ligero y pr\u00e1ctico, no es solo un llavero funcional sino tambi\u00e9n una pieza con estilo. <\/p>\n<ul>\n<li data-start=\"652\" data-end=\"892\"><strong data-start=\"655\" data-end=\"685\">Adorable dise\u00f1o de schnauzer<\/strong> : perfecto para los amantes de los perros<\/li>\n<li data-start=\"652\" data-end=\"892\"><strong data-start=\"716\" data-end=\"741\">Duradero y ligero<\/strong> \u2013 dise\u00f1ado para el uso diario<\/li>\n<li data-start=\"652\" data-end=\"892\"><strong data-start=\"773\" data-end=\"796\">Accesorio vers\u00e1til<\/strong> \u2013 \u00fasalo en llaves, bolsos o mochilas<\/li>\n<li data-start=\"652\" data-end=\"892\"><strong data-start=\"843\" data-end=\"874\" data-is-only-node=\"\">Estilo minimalista y moderno<\/strong> \u2013 combina con cualquier look<\/li>\n<\/ul>\n<p data-start=\"894\" data-end=\"1106\">Este <strong>llavero de schnauzer <\/strong> tambi\u00e9n es un regalo considerado para due\u00f1os de mascotas y amantes de los animales por igual. Bonito, funcional y lleno de personalidad: el peque\u00f1o accesorio perfecto para alegrar tu vida cotidiana. <\/p>\n<p data-start=\"62\" data-end=\"86\"><strong data-start=\"62\" data-end=\"84\">Dimensiones del producto:<\/strong><\/p>\n<ul>\n<li><strong data-start=\"89\" data-end=\"99\">Talla S<\/strong>: 3.2cm (W) \u00d7 4.4cm (H) \u00d7 4.6cm (D)<\/li>\n<\/ul>\n<ul data-start=\"87\" data-end=\"186\">\n<li data-start=\"87\" data-end=\"136\">\n<p data-start=\"89\" data-end=\"136\"><strong data-start=\"89\" data-end=\"99\">Talla M<\/strong>: 4.0cm (W) \u00d7 5.4cm (H) \u00d7 5.6cm (D)<\/p>\n<\/li>\n<li><strong data-start=\"89\" data-end=\"99\">Talla L<\/strong>: 4.9cm (W) \u00d7 6.8cm (H) \u00d7 7.1cm (D)<\/li>\n<\/ul>\n","protected":false},"excerpt":{"rendered":"<p>Lleva un toque de encanto a donde quiera que vayas con nuestro <strong data-start=\"241\" data-end=\"264\">llavero schnauzer<\/strong>. Dise\u00f1ado con un estilo minimalista pero adorable, este llavero es el accesorio perfecto para los amantes de los perros que quieren tener a mano su raza favorita.<\/p>\n","protected":false},"featured_media":3838,"comment_status":"open","ping_status":"closed","template":"","meta":[],"product_brand":[],"product_cat":[141],"product_tag":[],"class_list":{"0":"post-2631","1":"product","2":"type-product","3":"status-publish","4":"has-post-thumbnail","6":"product_cat-accesorios-para-mascotas","7":"pa_color-blanco","8":"pa_color-gris","9":"pa_color-negro","11":"first","12":"instock","13":"shipping-taxable","14":"purchasable","15":"product-type-variable"},"_links":{"self":[{"href":"https:\/\/decoranimal.com\/es\/wp-json\/wp\/v2\/product\/2631","targetHints":{"allow":["GET"]}}],"collection":[{"href":"https:\/\/decoranimal.com\/es\/wp-json\/wp\/v2\/product"}],"about":[{"href":"https:\/\/decoranimal.com\/es\/wp-json\/wp\/v2\/types\/product"}],"replies":[{"embeddable":true,"href":"https:\/\/decoranimal.com\/es\/wp-json\/wp\/v2\/comments?post=2631"}],"wp:featuredmedia":[{"embeddable":true,"href":"https:\/\/decoranimal.com\/es\/wp-json\/wp\/v2\/media\/3838"}],"wp:attachment":[{"href":"https:\/\/decoranimal.com\/es\/wp-json\/wp\/v2\/media?parent=2631"}],"wp:term":[{"taxonomy":"product_brand","embeddable":true,"href":"https:\/\/decoranimal.com\/es\/wp-json\/wp\/v2\/product_brand?post=2631"},{"taxonomy":"product_cat","embeddable":true,"href":"https:\/\/decoranimal.com\/es\/wp-json\/wp\/v2\/product_cat?post=2631"},{"taxonomy":"product_tag","embeddable":true,"href":"https:\/\/decoranimal.com\/es\/wp-json\/wp\/v2\/product_tag?post=2631"}],"curies":[{"name":"wp","href":"https:\/\/api.w.org\/{rel}","templated":true}]}}