{"id":1877,"date":"2025-08-30T18:37:32","date_gmt":"2025-08-30T18:37:32","guid":{"rendered":"https:\/\/decoranimal.com\/product\/arte-pared-corazon-perro\/"},"modified":"2025-09-18T17:25:13","modified_gmt":"2025-09-18T17:25:13","slug":"arte-pared-corazon-perro","status":"publish","type":"product","link":"https:\/\/decoranimal.com\/es\/producto\/arte-pared-corazon-perro\/","title":{"rendered":"Arte de Pared Coraz\u00f3n de Perro"},"content":{"rendered":"<p data-start=\"101\" data-end=\"155\"><strong data-start=\"101\" data-end=\"153\">Arte de Pared Coraz\u00f3n de Perro \u2013 Dise\u00f1o mitad coraz\u00f3n, mitad perro<\/strong><\/p>\n<p data-start=\"157\" data-end=\"368\">Celebra tu amor por los perros con este exclusivo <strong data-start=\"203\" data-end=\"225\">Arte de Pared Coraz\u00f3n de Perro<\/strong>. Dise\u00f1ado en forma de coraz\u00f3n que se integra perfectamente en la silueta de un perro, es la pieza perfecta para iluminar cualquier pared de tu hogar. <\/p>\n<p data-start=\"370\" data-end=\"722\">Elaborado con atenci\u00f3n al detalle, este arte de pared combina a la perfecci\u00f3n medio coraz\u00f3n y medio <strong data-start=\"463\" data-end=\"507\">[elegir raza, por ejemplo, Labrador Retriever]<\/strong>, simbolizando el v\u00ednculo entre t\u00fa y tu mejor amigo peludo. F\u00e1cil de montar en cualquier superficie lisa, es un complemento lleno de calidez para salas de estar, dormitorios, oficinas o incluso como un regalo considerado para amantes de los perros. <\/p>\n<p data-start=\"724\" data-end=\"829\">Aporta calidez, personalidad y un toque de encanto canino a tu espacio con esta llamativa decoraci\u00f3n de pared.<\/p>\n","protected":false},"excerpt":{"rendered":"<p>Celebra tu amor por los perros con este exclusivo <strong data-start=\"203\" data-end=\"225\">Arte de Pared Coraz\u00f3n de Perro<\/strong>. Dise\u00f1ado en forma de coraz\u00f3n que se integra perfectamente en la silueta de un perro, es la pieza perfecta para iluminar cualquier pared de tu hogar. <\/p>\n","protected":false},"featured_media":1878,"comment_status":"open","ping_status":"closed","template":"","meta":[],"product_brand":[],"product_cat":[175],"product_tag":[],"class_list":{"0":"post-1877","1":"product","2":"type-product","3":"status-publish","4":"has-post-thumbnail","6":"product_cat-arte-de-pared","7":"pa_color-blanco","8":"pa_color-negro","10":"first","11":"instock","12":"shipping-taxable","13":"purchasable","14":"product-type-variable"},"_links":{"self":[{"href":"https:\/\/decoranimal.com\/es\/wp-json\/wp\/v2\/product\/1877","targetHints":{"allow":["GET"]}}],"collection":[{"href":"https:\/\/decoranimal.com\/es\/wp-json\/wp\/v2\/product"}],"about":[{"href":"https:\/\/decoranimal.com\/es\/wp-json\/wp\/v2\/types\/product"}],"replies":[{"embeddable":true,"href":"https:\/\/decoranimal.com\/es\/wp-json\/wp\/v2\/comments?post=1877"}],"wp:featuredmedia":[{"embeddable":true,"href":"https:\/\/decoranimal.com\/es\/wp-json\/wp\/v2\/media\/1878"}],"wp:attachment":[{"href":"https:\/\/decoranimal.com\/es\/wp-json\/wp\/v2\/media?parent=1877"}],"wp:term":[{"taxonomy":"product_brand","embeddable":true,"href":"https:\/\/decoranimal.com\/es\/wp-json\/wp\/v2\/product_brand?post=1877"},{"taxonomy":"product_cat","embeddable":true,"href":"https:\/\/decoranimal.com\/es\/wp-json\/wp\/v2\/product_cat?post=1877"},{"taxonomy":"product_tag","embeddable":true,"href":"https:\/\/decoranimal.com\/es\/wp-json\/wp\/v2\/product_tag?post=1877"}],"curies":[{"name":"wp","href":"https:\/\/api.w.org\/{rel}","templated":true}]}}