{"id":1618,"date":"2025-09-06T10:04:16","date_gmt":"2025-09-06T10:04:16","guid":{"rendered":"https:\/\/decoranimal.com\/product\/soporte-ringline\/"},"modified":"2025-09-06T10:04:16","modified_gmt":"2025-09-06T10:04:16","slug":"soporte-ringline","status":"publish","type":"product","link":"https:\/\/decoranimal.com\/es\/producto\/soporte-ringline\/","title":{"rendered":"Soporte Ringline"},"content":{"rendered":"<p data-start=\"143\" data-end=\"451\">Mejora la hora de la comida de tu mascota con el<strong data-start=\"180\" data-end=\"198\"> Soporte Ringline<\/strong>, un elegante y moderno soporte elevado para comederos, dise\u00f1ado tanto para perros como para gatos. Con su silueta \u00fanica de anillos apilados, inspirada en finas capas circulares, aporta elegancia y funcionalidad a tu hogar mientras mejora la postura de tu mascota al comer. <\/p>\n<p data-start=\"453\" data-end=\"725\">El<strong data-start=\"457\" data-end=\"475\"> Soporte Ringline<\/strong> es m\u00e1s que elegante: est\u00e1 dise\u00f1ado para fomentar h\u00e1bitos de alimentaci\u00f3n m\u00e1s saludables. Al elevar los cuencos de comida y agua de tu mascota a una altura c\u00f3moda, ayuda a reducir la tensi\u00f3n en el cuello, mejora la digesti\u00f3n y mantiene la hora de la comida m\u00e1s limpia y organizada. <\/p>\n<p data-start=\"727\" data-end=\"996\">Fabricado con materiales duraderos y de alta calidad, este soporte elevado para comederos garantiza estabilidad mientras se integra a la perfecci\u00f3n con interiores modernos. Su dise\u00f1o minimalista aporta un toque de sofisticaci\u00f3n, convirti\u00e9ndolo tanto en una pieza de estilo como en un accesorio pr\u00e1ctico. <\/p>\n<ul data-start=\"998\" data-end=\"1240\">\n<li data-start=\"998\" data-end=\"1044\">\n<p data-start=\"1000\" data-end=\"1044\">Dise\u00f1o \u00fanico de anillos apilados para un aspecto moderno<\/p>\n<\/li>\n<li data-start=\"1045\" data-end=\"1089\">\n<p data-start=\"1047\" data-end=\"1089\">Favorece una postura y digesti\u00f3n m\u00e1s saludables<\/p>\n<\/li>\n<li data-start=\"1090\" data-end=\"1151\">\n<p data-start=\"1092\" data-end=\"1151\">Funciona como soporte elevado para comederos de perros y gatos<\/p>\n<\/li>\n<li data-start=\"1152\" data-end=\"1190\">\n<p data-start=\"1154\" data-end=\"1190\">Duradero, estable y f\u00e1cil de limpiar<\/p>\n<\/li>\n<li data-start=\"1191\" data-end=\"1240\">\n<p data-start=\"1193\" data-end=\"1240\">Complementa hogares minimalistas y contempor\u00e1neos<\/p>\n<\/li>\n<\/ul>\n<p data-start=\"1242\" data-end=\"1405\">Brinda a tu amigo peludo el confort que merece mientras mejoras tu espacio con el <strong data-start=\"1326\" data-end=\"1344\">Soporte Ringline<\/strong>: el equilibrio perfecto entre dise\u00f1o, durabilidad y bienestar.<\/p>\n","protected":false},"excerpt":{"rendered":"<p>Brinda a tu amigo peludo el confort que merece mientras realzas tu espacio con el <strong data-start=\"1326\" data-end=\"1344\">Soporte Ringline<\/strong>: el equilibrio perfecto entre dise\u00f1o, durabilidad y bienestar.<\/p>\n","protected":false},"featured_media":983,"comment_status":"open","ping_status":"closed","template":"","meta":[],"product_brand":[],"product_cat":[141],"product_tag":[],"class_list":{"0":"post-1618","1":"product","2":"type-product","3":"status-publish","4":"has-post-thumbnail","6":"product_cat-accesorios-para-mascotas","7":"pa_color-beige","8":"pa_color-blanco","9":"pa_color-gris","10":"pa_color-marron","11":"pa_color-negro","13":"first","14":"instock","15":"shipping-taxable","16":"purchasable","17":"product-type-variable"},"_links":{"self":[{"href":"https:\/\/decoranimal.com\/es\/wp-json\/wp\/v2\/product\/1618","targetHints":{"allow":["GET"]}}],"collection":[{"href":"https:\/\/decoranimal.com\/es\/wp-json\/wp\/v2\/product"}],"about":[{"href":"https:\/\/decoranimal.com\/es\/wp-json\/wp\/v2\/types\/product"}],"replies":[{"embeddable":true,"href":"https:\/\/decoranimal.com\/es\/wp-json\/wp\/v2\/comments?post=1618"}],"wp:featuredmedia":[{"embeddable":true,"href":"https:\/\/decoranimal.com\/es\/wp-json\/wp\/v2\/media\/983"}],"wp:attachment":[{"href":"https:\/\/decoranimal.com\/es\/wp-json\/wp\/v2\/media?parent=1618"}],"wp:term":[{"taxonomy":"product_brand","embeddable":true,"href":"https:\/\/decoranimal.com\/es\/wp-json\/wp\/v2\/product_brand?post=1618"},{"taxonomy":"product_cat","embeddable":true,"href":"https:\/\/decoranimal.com\/es\/wp-json\/wp\/v2\/product_cat?post=1618"},{"taxonomy":"product_tag","embeddable":true,"href":"https:\/\/decoranimal.com\/es\/wp-json\/wp\/v2\/product_tag?post=1618"}],"curies":[{"name":"wp","href":"https:\/\/api.w.org\/{rel}","templated":true}]}}