{"id":1408,"date":"2025-09-05T21:39:07","date_gmt":"2025-09-05T21:39:07","guid":{"rendered":"https:\/\/decoranimal.com\/product\/the-cube\/"},"modified":"2025-09-26T18:07:22","modified_gmt":"2025-09-26T18:07:22","slug":"the-cube","status":"publish","type":"product","link":"https:\/\/decoranimal.com\/es\/producto\/the-cube\/","title":{"rendered":"The Cube"},"content":{"rendered":"<p data-start=\"151\" data-end=\"407\">Descubre <strong data-start=\"160\" data-end=\"172\">The Cube<\/strong>: una pieza de mobiliario vers\u00e1til y minimalista con un dise\u00f1o c\u00fabico atrevido. M\u00e1s que una mesa auxiliar o de caf\u00e9 moderna, tambi\u00e9n funciona como un acogedor refugio para tu perro o gato, combinando practicidad, comodidad y estilo en una pieza \u00fanica. <\/p>\n<p data-start=\"409\" data-end=\"775\">Fabricado con materiales premium, <strong data-start=\"439\" data-end=\"451\">The Cube<\/strong> es robusto, elegante y dise\u00f1ado para durar. Su geometr\u00eda limpia le otorga una presencia escult\u00f3rica en cualquier habitaci\u00f3n, mientras que su estructura hueca crea un rinc\u00f3n protegido donde tu mascota puede descansar con comodidad. Ya sea junto a tu cama, en la sala de estar o como un elemento independiente, se adapta perfectamente tanto a tus necesidades como a las de tu mascota.  <\/p>\n<ul data-start=\"777\" data-end=\"1019\">\n<li data-start=\"777\" data-end=\"834\">\n<p data-start=\"779\" data-end=\"834\">Dise\u00f1o moderno de caseta para perros que realza los interiores<\/p>\n<\/li>\n<li data-start=\"835\" data-end=\"901\">\n<p data-start=\"837\" data-end=\"901\">Multifuncional \u2013 mesita de noche, mesa de caf\u00e9 y cama para mascotas en uno<\/p>\n<\/li>\n<li data-start=\"902\" data-end=\"954\">\n<p data-start=\"904\" data-end=\"954\">Construcci\u00f3n duradera con materiales de alta calidad<\/p>\n<\/li>\n<li data-start=\"955\" data-end=\"1019\">\n<p data-start=\"957\" data-end=\"1019\">Espacio interior acogedor que brinda comodidad y seguridad a las mascotas<\/p>\n<\/li>\n<\/ul>\n<p data-start=\"1021\" data-end=\"1195\"><strong data-start=\"1021\" data-end=\"1033\">The Cube<\/strong> es m\u00e1s que un mueble: es una pieza multifuncional que aporta belleza, utilidad y comodidad a tu hogar, tanto para ti como para tu compa\u00f1ero peludo.<\/p>\n<p data-start=\"62\" data-end=\"86\"><strong data-start=\"62\" data-end=\"84\">Dimensiones del producto<\/strong><\/p>\n<ul data-start=\"87\" data-end=\"186\">\n<li data-start=\"87\" data-end=\"136\">\n<p data-start=\"89\" data-end=\"136\"><strong data-start=\"89\" data-end=\"99\">Talla S<\/strong>: 51.3cm (W) \u00d7 51.3cm (H) \u00d7 42.0cm (D)<\/p>\n<\/li>\n<li data-start=\"137\" data-end=\"186\">\n<p data-start=\"139\" data-end=\"186\"><strong data-start=\"139\" data-end=\"149\">Talla M<\/strong>: 61.3cm (W) \u00d7 61.3cm (H) \u00d7 52.0cm (D)<\/p>\n<\/li>\n<\/ul>\n","protected":false},"excerpt":{"rendered":"<p>Brinda a tu amigo peludo el confort que merece con nuestra cama minimalista para mascotas, inspirada en la forma de una casa c\u00fabica. Dise\u00f1ada con una estructura \u00fanica en forma de rompecabezas, esta cama combina funcionalidad, estilo y durabilidad, convirti\u00e9ndola en la adici\u00f3n perfecta para cualquier hogar moderno.<\/p>\n","protected":false},"featured_media":2856,"comment_status":"open","ping_status":"closed","template":"","meta":[],"product_brand":[],"product_cat":[112],"product_tag":[],"class_list":{"0":"post-1408","1":"product","2":"type-product","3":"status-publish","4":"has-post-thumbnail","6":"product_cat-camas-para-mascotas","8":"first","9":"instock","10":"featured","11":"shipping-taxable","12":"purchasable","13":"product-type-variable"},"_links":{"self":[{"href":"https:\/\/decoranimal.com\/es\/wp-json\/wp\/v2\/product\/1408","targetHints":{"allow":["GET"]}}],"collection":[{"href":"https:\/\/decoranimal.com\/es\/wp-json\/wp\/v2\/product"}],"about":[{"href":"https:\/\/decoranimal.com\/es\/wp-json\/wp\/v2\/types\/product"}],"replies":[{"embeddable":true,"href":"https:\/\/decoranimal.com\/es\/wp-json\/wp\/v2\/comments?post=1408"}],"wp:featuredmedia":[{"embeddable":true,"href":"https:\/\/decoranimal.com\/es\/wp-json\/wp\/v2\/media\/2856"}],"wp:attachment":[{"href":"https:\/\/decoranimal.com\/es\/wp-json\/wp\/v2\/media?parent=1408"}],"wp:term":[{"taxonomy":"product_brand","embeddable":true,"href":"https:\/\/decoranimal.com\/es\/wp-json\/wp\/v2\/product_brand?post=1408"},{"taxonomy":"product_cat","embeddable":true,"href":"https:\/\/decoranimal.com\/es\/wp-json\/wp\/v2\/product_cat?post=1408"},{"taxonomy":"product_tag","embeddable":true,"href":"https:\/\/decoranimal.com\/es\/wp-json\/wp\/v2\/product_tag?post=1408"}],"curies":[{"name":"wp","href":"https:\/\/api.w.org\/{rel}","templated":true}]}}