{"id":1308,"date":"2025-08-28T06:27:59","date_gmt":"2025-08-28T06:27:59","guid":{"rendered":"https:\/\/decoranimal.com\/product\/the-home\/"},"modified":"2025-09-26T17:46:40","modified_gmt":"2025-09-26T17:46:40","slug":"the-home","status":"publish","type":"product","link":"https:\/\/decoranimal.com\/es\/producto\/the-home\/","title":{"rendered":"The Home"},"content":{"rendered":"<p>Brinda a tu amigo peludo el confort que merece con nuestra cama minimalista para mascotas, inspirada en la forma de una casa tradicional. Dise\u00f1ada con una estructura \u00fanica en forma de rompecabezas, esta cama combina funcionalidad, estilo y durabilidad, convirti\u00e9ndola en la adici\u00f3n perfecta para cualquier hogar moderno.<\/p>\n<p>Fabricada con madera premium y tela de alta calidad, esta cama para mascotas es a la vez robusta y elegante. El montaje tipo puzzle facilita la instalaci\u00f3n, resulta resistente una vez armado y es visualmente llamativo gracias a sus l\u00edneas limpias y su silueta minimalista. Su dise\u00f1o con forma de casita brinda a tu mascota una sensaci\u00f3n acogedora de refugio, mientras se integra perfectamente en interiores contempor\u00e1neos.<\/p>\n<ul>\n<li>Dise\u00f1o minimalista que complementa espacios modernos<\/li>\n<li>Estructura tipo rompecabezas \u2013 f\u00e1cil de montar, s\u00f3lida y duradera<\/li>\n<li>Hecho con madera y tela para un acabado natural y resistente<\/li>\n<li>Cama con forma de casita que brinda comodidad y seguridad a las mascota<\/li>\n<\/ul>\n<p>Esta cama minimalista para mascotas es m\u00e1s que un mueble: es un refugio elegante y funcional para tu perro o gato, construido para durar y dise\u00f1ado para lucir hermoso en tu hogar.<\/p>\n<p data-start=\"62\" data-end=\"86\"><strong data-start=\"62\" data-end=\"84\">Dimensiones del producto<\/strong><\/p>\n<ul data-start=\"87\" data-end=\"186\">\n<li data-start=\"87\" data-end=\"136\">\n<p data-start=\"89\" data-end=\"136\"><strong data-start=\"89\" data-end=\"99\">Talla S<\/strong>: 51.3cm (W) \u00d7 53.6cm (H) \u00d7 42.0cm (D)<\/p>\n<\/li>\n<li data-start=\"137\" data-end=\"186\">\n<p data-start=\"139\" data-end=\"186\"><strong data-start=\"139\" data-end=\"149\">Talla M<\/strong>: 57.0cm (W) \u00d7 60.4cm (H) \u00d7 52.0cm (D)<\/p>\n<\/li>\n<\/ul>\n","protected":false},"excerpt":{"rendered":"<p>Brinda a tu amigo peludo el confort que merece con nuestra cama minimalista para mascotas, inspirada en la forma de una casa tradicional. Dise\u00f1ada con una estructura \u00fanica en forma de rompecabezas, esta cama combina funcionalidad, estilo y durabilidad, convirti\u00e9ndola en la adici\u00f3n perfecta para cualquier hogar moderno.<\/p>\n","protected":false},"featured_media":1320,"comment_status":"open","ping_status":"closed","template":"","meta":[],"product_brand":[],"product_cat":[112],"product_tag":[],"class_list":{"0":"post-1308","1":"product","2":"type-product","3":"status-publish","4":"has-post-thumbnail","6":"product_cat-camas-para-mascotas","8":"first","9":"instock","10":"featured","11":"shipping-taxable","12":"purchasable","13":"product-type-variable"},"_links":{"self":[{"href":"https:\/\/decoranimal.com\/es\/wp-json\/wp\/v2\/product\/1308","targetHints":{"allow":["GET"]}}],"collection":[{"href":"https:\/\/decoranimal.com\/es\/wp-json\/wp\/v2\/product"}],"about":[{"href":"https:\/\/decoranimal.com\/es\/wp-json\/wp\/v2\/types\/product"}],"replies":[{"embeddable":true,"href":"https:\/\/decoranimal.com\/es\/wp-json\/wp\/v2\/comments?post=1308"}],"wp:featuredmedia":[{"embeddable":true,"href":"https:\/\/decoranimal.com\/es\/wp-json\/wp\/v2\/media\/1320"}],"wp:attachment":[{"href":"https:\/\/decoranimal.com\/es\/wp-json\/wp\/v2\/media?parent=1308"}],"wp:term":[{"taxonomy":"product_brand","embeddable":true,"href":"https:\/\/decoranimal.com\/es\/wp-json\/wp\/v2\/product_brand?post=1308"},{"taxonomy":"product_cat","embeddable":true,"href":"https:\/\/decoranimal.com\/es\/wp-json\/wp\/v2\/product_cat?post=1308"},{"taxonomy":"product_tag","embeddable":true,"href":"https:\/\/decoranimal.com\/es\/wp-json\/wp\/v2\/product_tag?post=1308"}],"curies":[{"name":"wp","href":"https:\/\/api.w.org\/{rel}","templated":true}]}}