{"id":4543,"date":"2025-11-02T18:38:47","date_gmt":"2025-11-02T18:38:47","guid":{"rendered":"https:\/\/decoranimal.com\/product\/mainecoon-keychain\/"},"modified":"2025-11-02T19:23:57","modified_gmt":"2025-11-02T19:23:57","slug":"mainecoon-keychain","status":"publish","type":"product","link":"https:\/\/decoranimal.com\/de\/produkt\/mainecoon-keychain\/","title":{"rendered":"Maine Coon Schl\u00fcsselanh\u00e4nger"},"content":{"rendered":"<p data-start=\"134\" data-end=\"189\"><strong data-start=\"134\" data-end=\"187\">Maine Coon Schl\u00fcsselanh\u00e4nger &#8211; Niedliches &amp; Minimalistisches Accessoire<\/strong><\/p>\n<p data-start=\"191\" data-end=\"421\">Tragen Sie eine Note von Charme \u00fcberall hin mit mit mit unserem <strong data-start=\"241\" data-end=\"264\">Maine-Coon-Schl\u00fcsselanh\u00e4nger<\/strong>. Im minimalistischen und doch entz\u00fcckenden Design ist dieser Schl\u00fcsselanh\u00e4nger das perfekte Accessoire f\u00fcr Katzenliebhaber, die ihre Lieblingsrasse immer in Griffn\u00e4he haben m\u00f6chten.<\/p>\n<p data-start=\"423\" data-end=\"650\">Gefertigt aus langlebigen Materialien, verf\u00fcgt es \u00fcber eine detaillierte Figur, die Ihren Schl\u00fcsseln, Taschen oder Rucks\u00e4cken Pers\u00f6nlichkeit verleiht. Leicht und praktisch ist es nicht nur ein funktionaler Schl\u00fcsselanh\u00e4nger, sondern auch ein elegantes und auff\u00e4lliges Accessoire.<\/p>\n<ul>\n<li data-start=\"652\" data-end=\"892\"><strong data-start=\"655\" data-end=\"685\">Niedliches Maine Coon Design<\/strong> &#8211; perfekt f\u00fcr Katzenliebhaber<\/li>\n<li data-start=\"652\" data-end=\"892\"><strong data-start=\"716\" data-end=\"741\">Langlebig &amp; leicht<\/strong> \u2013 f\u00fcr den t\u00e4glichen Gebrauch gebaut<\/li>\n<li data-start=\"652\" data-end=\"892\"><strong data-start=\"773\" data-end=\"796\">Vielseitiges Accessoire<\/strong> \u2013 f\u00fcr Schl\u00fcssel, Handtaschen oder Rucks\u00e4cke verwendbar<\/li>\n<li data-start=\"652\" data-end=\"892\"><strong data-start=\"843\" data-end=\"874\" data-is-only-node=\"\">Minimalistischer und moderner Stil<\/strong> \u2013 passt zu jedem Look<\/li>\n<\/ul>\n<p data-start=\"894\" data-end=\"1106\">Dieser <strong data-start=\"899\" data-end=\"922\">Maine-Coon-Schl\u00fcsselanh\u00e4nger <\/strong> ist auch ein durchdachtes Geschenk f\u00fcr Haustierbesitzer und Katzenliebhaber gleicherma\u00dfen. Niedlich, funktional und voller Pers\u00f6nlichkeit \u2013 das perfekte kleine Accessoire, um Ihren Alltag aufzuhellen.<\/p>\n<p data-start=\"62\" data-end=\"86\"><strong data-start=\"62\" data-end=\"84\">Produktabmessungen:<\/strong><\/p>\n<ul>\n<li><strong data-start=\"89\" data-end=\"99\">Gr\u00f6\u00dfe S<\/strong>: 3.5cm (W) \u00d7 4.9cm (H) \u00d7 3.7cm (D)<\/li>\n<\/ul>\n<ul data-start=\"87\" data-end=\"186\">\n<li data-start=\"87\" data-end=\"136\">\n<p data-start=\"89\" data-end=\"136\"><strong data-start=\"89\" data-end=\"99\">Gr\u00f6\u00dfe M<\/strong>: 4.4cm (W) \u00d7 6.1cm (H) \u00d7 4.7cm (D)<\/p>\n<\/li>\n<li><strong data-start=\"89\" data-end=\"99\">Gr\u00f6\u00dfe L<\/strong>: 5.5cm (W) \u00d7 7.7cm (H) \u00d7 5.8cm (D)<\/li>\n<\/ul>\n","protected":false},"excerpt":{"rendered":"<p>Tragen Sie eine Note von Charme \u00fcberall hin mit mit mit unserem <strong>Maine-Coon-Schl\u00fcsselanh\u00e4nger<\/strong>. Im minimalistischen und doch entz\u00fcckenden Design ist dieser Schl\u00fcsselanh\u00e4nger das perfekte Accessoire f\u00fcr Katzenliebhaber, die ihre Lieblingsrasse immer in Griffn\u00e4he haben m\u00f6chten.<\/p>\n","protected":false},"featured_media":4300,"comment_status":"open","ping_status":"closed","template":"","meta":[],"product_brand":[],"product_cat":[131],"product_tag":[],"class_list":{"0":"post-4543","1":"product","2":"type-product","3":"status-publish","4":"has-post-thumbnail","6":"product_cat-haustierzubehor","7":"pa_color-beige","8":"pa_color-braun","9":"pa_color-grau","11":"first","12":"instock","13":"shipping-taxable","14":"purchasable","15":"product-type-variable"},"_links":{"self":[{"href":"https:\/\/decoranimal.com\/de\/wp-json\/wp\/v2\/product\/4543","targetHints":{"allow":["GET"]}}],"collection":[{"href":"https:\/\/decoranimal.com\/de\/wp-json\/wp\/v2\/product"}],"about":[{"href":"https:\/\/decoranimal.com\/de\/wp-json\/wp\/v2\/types\/product"}],"replies":[{"embeddable":true,"href":"https:\/\/decoranimal.com\/de\/wp-json\/wp\/v2\/comments?post=4543"}],"wp:featuredmedia":[{"embeddable":true,"href":"https:\/\/decoranimal.com\/de\/wp-json\/wp\/v2\/media\/4300"}],"wp:attachment":[{"href":"https:\/\/decoranimal.com\/de\/wp-json\/wp\/v2\/media?parent=4543"}],"wp:term":[{"taxonomy":"product_brand","embeddable":true,"href":"https:\/\/decoranimal.com\/de\/wp-json\/wp\/v2\/product_brand?post=4543"},{"taxonomy":"product_cat","embeddable":true,"href":"https:\/\/decoranimal.com\/de\/wp-json\/wp\/v2\/product_cat?post=4543"},{"taxonomy":"product_tag","embeddable":true,"href":"https:\/\/decoranimal.com\/de\/wp-json\/wp\/v2\/product_tag?post=4543"}],"curies":[{"name":"wp","href":"https:\/\/api.w.org\/{rel}","templated":true}]}}