{"id":3457,"date":"2025-10-14T15:58:58","date_gmt":"2025-10-14T15:58:58","guid":{"rendered":"https:\/\/decoranimal.com\/?post_type=product&#038;p=3457"},"modified":"2025-10-23T18:41:08","modified_gmt":"2025-10-23T18:41:08","slug":"the-side-table","status":"publish","type":"product","link":"https:\/\/decoranimal.com\/de\/produkt\/the-side-table\/","title":{"rendered":"The Side Table"},"content":{"rendered":"<p>G\u00f6nnen Sie Ihrem pelzigen Freund den Komfort, den er verdient, mit unserem minimalistischen Haustierbett, das von der Form eines Beistelltisches inspiriert ist. Mit einer einzigartigen, puzzleartigen Struktur entworfen, vereint dieses Bett Funktionalit\u00e4t, Stil und Langlebigkeit und ist somit die perfekte Erg\u00e4nzung f\u00fcr jedes moderne Zuhause.<\/p>\n<p>Aus hochwertigem Holz und erstklassigem Stoff gefertigt, ist dieses Beistelltisch-Haustierbett sowohl robust als auch elegant. Die Puzzle-Montage erleichtert den Aufbau, sorgt f\u00fcr Stabilit\u00e4t nach dem Zusammenbau und wirkt mit seinen klaren Linien und minimalistischen Silhouette besonders ansprechend. Das Design bietet Ihrem Haustier ein gem\u00fctliches Gef\u00fchl von Geborgenheit und f\u00fcgt sich nahtlos in moderne Innenr\u00e4ume ein.<\/p>\n<ul>\n<li>Minimalistisches Design, das moderne R\u00e4ume erg\u00e4nzt<\/li>\n<li>Puzzle-Struktur \u2013 einfach zusammenzubauen, stabil und langlebig<\/li>\n<li>Hergestellt aus Holz &amp; Stoff f\u00fcr ein nat\u00fcrliches und robustes Finish<\/li>\n<li>Beistelltisch, der Ihren Haustieren zudem Komfort und Sicherheit bietet.<\/li>\n<\/ul>\n<p>Dieses minimalistische Beistelltisch-Haustierbett ist mehr als nur ein M\u00f6belst\u00fcck \u2013 es ist ein stilvoller, funktionaler R\u00fcckzugsort f\u00fcr Ihren Hund oder Ihre Katze, der langlebig gebaut und sch\u00f6n f\u00fcr Ihr Zuhause gestaltet ist.<\/p>\n<p data-start=\"62\" data-end=\"86\"><strong data-start=\"62\" data-end=\"84\">Produktabmessungen<\/strong><\/p>\n<ul data-start=\"87\" data-end=\"186\">\n<li data-start=\"87\" data-end=\"136\">\n<p data-start=\"89\" data-end=\"136\"><strong data-start=\"89\" data-end=\"99\">Gr\u00f6\u00dfe:<\/strong>48,0 cm (B) \u00d7 59,0 cm (H) \u00d7 48,0 cm (T)<\/p>\n<\/li>\n<\/ul>\n","protected":false},"excerpt":{"rendered":"<p>G\u00f6nnen Sie Ihrem pelzigen Freund den Komfort, den er verdient, mit unserem minimalistischen Haustierbett, das von der Form eines Beistelltisches inspiriert ist. Mit einer einzigartigen, puzzleartigen Struktur entworfen, vereint dieses Bett Funktionalit\u00e4t, Stil und Langlebigkeit und ist somit die perfekte Erg\u00e4nzung f\u00fcr jedes moderne Zuhause.<\/p>\n","protected":false},"featured_media":3546,"comment_status":"open","ping_status":"closed","template":"","meta":[],"product_brand":[],"product_cat":[98],"product_tag":[],"class_list":{"0":"post-3457","1":"product","2":"type-product","3":"status-publish","4":"has-post-thumbnail","6":"product_cat-haustierbetten","8":"first","9":"instock","10":"featured","11":"shipping-taxable","12":"purchasable","13":"product-type-variable"},"_links":{"self":[{"href":"https:\/\/decoranimal.com\/de\/wp-json\/wp\/v2\/product\/3457","targetHints":{"allow":["GET"]}}],"collection":[{"href":"https:\/\/decoranimal.com\/de\/wp-json\/wp\/v2\/product"}],"about":[{"href":"https:\/\/decoranimal.com\/de\/wp-json\/wp\/v2\/types\/product"}],"replies":[{"embeddable":true,"href":"https:\/\/decoranimal.com\/de\/wp-json\/wp\/v2\/comments?post=3457"}],"wp:featuredmedia":[{"embeddable":true,"href":"https:\/\/decoranimal.com\/de\/wp-json\/wp\/v2\/media\/3546"}],"wp:attachment":[{"href":"https:\/\/decoranimal.com\/de\/wp-json\/wp\/v2\/media?parent=3457"}],"wp:term":[{"taxonomy":"product_brand","embeddable":true,"href":"https:\/\/decoranimal.com\/de\/wp-json\/wp\/v2\/product_brand?post=3457"},{"taxonomy":"product_cat","embeddable":true,"href":"https:\/\/decoranimal.com\/de\/wp-json\/wp\/v2\/product_cat?post=3457"},{"taxonomy":"product_tag","embeddable":true,"href":"https:\/\/decoranimal.com\/de\/wp-json\/wp\/v2\/product_tag?post=3457"}],"curies":[{"name":"wp","href":"https:\/\/api.w.org\/{rel}","templated":true}]}}