{"id":2741,"date":"2025-09-17T22:08:10","date_gmt":"2025-09-17T22:08:10","guid":{"rendered":"https:\/\/decoranimal.com\/product\/gerahmtes-haustierportraet\/"},"modified":"2025-09-26T18:07:39","modified_gmt":"2025-09-26T18:07:39","slug":"gerahmtes-haustierportraet","status":"publish","type":"product","link":"https:\/\/decoranimal.com\/de\/produkt\/gerahmtes-haustierportraet\/","title":{"rendered":"Gerahmtes Haustier-Portr\u00e4t"},"content":{"rendered":"<p data-start=\"116\" data-end=\"503\"><strong data-start=\"116\" data-end=\"192\">Feiern Sie die Bindung zu Ihrem pelzigen Freund durch ein einzigartiges Kunstwerk.<\/strong>  Unsere laminierten B\u00fcsten von Hunden und Katzen sind so gestaltet, dass sie nicht nur das Abbild, sondern auch den Geist und die Pers\u00f6nlichkeit Ihres geliebten Begleiters einfangen. Jedes St\u00fcck ist mit komplizierter Tiefe und lebensechten Details gefertigt, die die Pr\u00e4senz Ihres Haustieres wirklich lebendig werden lassen. <\/p>\n<p data-start=\"505\" data-end=\"836\">In einem schlanken Rahmen montiert und fertig zum Aufh\u00e4ngen, f\u00fcgen sich diese Portr\u00e4ts nahtlos in jede Wohnkultur ein und verwandeln eine gesch\u00e4tzte Erinnerung in ein Statement-St\u00fcck f\u00fcr Ihre Wand. Jedes Portr\u00e4t stellt die perfekte Harmonie zwischen moderner Technologie und k\u00fcnstlerischer Handwerkskunst dar und sorgt f\u00fcr ein Finish, das sowohl langlebig als auch optisch auff\u00e4llig ist. <\/p>\n<p data-start=\"838\" data-end=\"1131\">Egal, ob Sie einen treuen Freund ehren m\u00f6chten, der immer noch an Ihrer Seite ist, oder sich an ein Haustier erinnern m\u00f6chten, das Pfotenabdr\u00fccke in Ihrem Herzen hinterlassen hat, dieses Andenken ist eine zeitlose Art, die bedingungslose Liebe zu feiern, die nur Haustiere geben k\u00f6nnen. Es ist nicht nur Wandkunst \u2013 es ist ein Teil Ihrer Geschichte, der f\u00fcr immer gerahmt ist. <\/p>\n<p data-start=\"62\" data-end=\"86\"><strong data-start=\"62\" data-end=\"84\">Produktabmessungen:<\/strong><\/p>\n<ul>\n<li><strong data-start=\"89\" data-end=\"99\">Rahmengr\u00f6\u00dfe: <\/strong> 22.2cm (W) \u00d7 27.2cm (H)<\/li>\n<\/ul>\n","protected":false},"excerpt":{"rendered":"<p><strong data-start=\"116\" data-end=\"192\">Feiern Sie die Bindung zu Ihrem pelzigen Freund durch ein einzigartiges Kunstwerk.<\/strong> Unsere laminierten B\u00fcsten von Hunden und Katzen sind darauf ausgelegt, nicht nur das Aussehen, sondern auch den Geist und die Pers\u00f6nlichkeit Ihres geliebten Begleiters einzufangen. Entdecken Sie unser gerahmtes Haustierportr\u00e4t <\/p>\n","protected":false},"featured_media":2391,"comment_status":"open","ping_status":"closed","template":"","meta":[],"product_brand":[],"product_cat":[173],"product_tag":[],"class_list":{"0":"post-2741","1":"product","2":"type-product","3":"status-publish","4":"has-post-thumbnail","6":"product_cat-wandkunst","7":"pa_color-beige","8":"pa_color-braun","9":"pa_color-schwarz","10":"pa_color-weis","12":"first","13":"instock","14":"shipping-taxable","15":"purchasable","16":"product-type-variable"},"_links":{"self":[{"href":"https:\/\/decoranimal.com\/de\/wp-json\/wp\/v2\/product\/2741","targetHints":{"allow":["GET"]}}],"collection":[{"href":"https:\/\/decoranimal.com\/de\/wp-json\/wp\/v2\/product"}],"about":[{"href":"https:\/\/decoranimal.com\/de\/wp-json\/wp\/v2\/types\/product"}],"replies":[{"embeddable":true,"href":"https:\/\/decoranimal.com\/de\/wp-json\/wp\/v2\/comments?post=2741"}],"wp:featuredmedia":[{"embeddable":true,"href":"https:\/\/decoranimal.com\/de\/wp-json\/wp\/v2\/media\/2391"}],"wp:attachment":[{"href":"https:\/\/decoranimal.com\/de\/wp-json\/wp\/v2\/media?parent=2741"}],"wp:term":[{"taxonomy":"product_brand","embeddable":true,"href":"https:\/\/decoranimal.com\/de\/wp-json\/wp\/v2\/product_brand?post=2741"},{"taxonomy":"product_cat","embeddable":true,"href":"https:\/\/decoranimal.com\/de\/wp-json\/wp\/v2\/product_cat?post=2741"},{"taxonomy":"product_tag","embeddable":true,"href":"https:\/\/decoranimal.com\/de\/wp-json\/wp\/v2\/product_tag?post=2741"}],"curies":[{"name":"wp","href":"https:\/\/api.w.org\/{rel}","templated":true}]}}