{"id":1870,"date":"2025-08-30T18:37:32","date_gmt":"2025-08-30T18:37:32","guid":{"rendered":"https:\/\/decoranimal.com\/product\/hundeherz-wandkunst\/"},"modified":"2025-09-18T17:23:41","modified_gmt":"2025-09-18T17:23:41","slug":"hundeherz-wandkunst","status":"publish","type":"product","link":"https:\/\/decoranimal.com\/de\/produkt\/hundeherz-wandkunst\/","title":{"rendered":"Hundeherz Wandkunst"},"content":{"rendered":"<p data-start=\"101\" data-end=\"155\"><strong data-start=\"101\" data-end=\"153\">Hundeherz Wandkunst \u2013 Halb Herz, Halb Hund Design<\/strong><\/p>\n<p data-start=\"157\" data-end=\"368\">Feiern Sie Ihre Liebe zu Hunden mit dieser einzigartigen <strong data-start=\"203\" data-end=\"225\">Hundeherz-Wandkunst<\/strong>. Entworfen in Herzform, die nahtlos in die Silhouette eines Hundes \u00fcbergeht, ist es das perfekte St\u00fcck, um jede Wand in Ihrem Zuhause zu versch\u00f6nern. <\/p>\n<p data-start=\"370\" data-end=\"722\">Mit Liebe zum Detail gefertigt, kombiniert dieses Wandkunstwerk wundersch\u00f6n die H\u00e4lfte eines Herzens und die H\u00e4lfte eines<strong data-start=\"463\" data-end=\"507\"> [gew\u00e4hlte Rasse, z.\u202fB. Labrador Retriever]<\/strong> und symbolisiert die Verbindung zwischen Ihnen und Ihrem pelzigen besten Freund. Einfach auf jeder glatten Oberfl\u00e4che zu montieren, ist es eine herzliche Erg\u00e4nzung f\u00fcr Wohnzimmer, Schlafzimmer, B\u00fcros oder sogar als durchdachtes Geschenk f\u00fcr Hundeliebhaber. <\/p>\n<p data-start=\"724\" data-end=\"829\">Bringen Sie W\u00e4rme, Pers\u00f6nlichkeit und einen Hauch von Hundescharm in Ihren Raum mit dieser auff\u00e4lligen Wanddekoration.<\/p>\n","protected":false},"excerpt":{"rendered":"<p>Feiern Sie Ihre Liebe zu Hunden mit dieser einzigartigen <strong data-start=\"203\" data-end=\"225\">Hundeherz-Wandkunst<\/strong>. Entworfen in Herzform, die nahtlos in die Silhouette eines Hundes \u00fcbergeht, ist es das perfekte St\u00fcck, um jede Wand in Ihrem Zuhause zu versch\u00f6nern. <\/p>\n","protected":false},"featured_media":1871,"comment_status":"open","ping_status":"closed","template":"","meta":[],"product_brand":[],"product_cat":[173],"product_tag":[],"class_list":{"0":"post-1870","1":"product","2":"type-product","3":"status-publish","4":"has-post-thumbnail","6":"product_cat-wandkunst","7":"pa_color-schwarz","8":"pa_color-weis","10":"first","11":"instock","12":"shipping-taxable","13":"purchasable","14":"product-type-variable"},"_links":{"self":[{"href":"https:\/\/decoranimal.com\/de\/wp-json\/wp\/v2\/product\/1870","targetHints":{"allow":["GET"]}}],"collection":[{"href":"https:\/\/decoranimal.com\/de\/wp-json\/wp\/v2\/product"}],"about":[{"href":"https:\/\/decoranimal.com\/de\/wp-json\/wp\/v2\/types\/product"}],"replies":[{"embeddable":true,"href":"https:\/\/decoranimal.com\/de\/wp-json\/wp\/v2\/comments?post=1870"}],"wp:featuredmedia":[{"embeddable":true,"href":"https:\/\/decoranimal.com\/de\/wp-json\/wp\/v2\/media\/1871"}],"wp:attachment":[{"href":"https:\/\/decoranimal.com\/de\/wp-json\/wp\/v2\/media?parent=1870"}],"wp:term":[{"taxonomy":"product_brand","embeddable":true,"href":"https:\/\/decoranimal.com\/de\/wp-json\/wp\/v2\/product_brand?post=1870"},{"taxonomy":"product_cat","embeddable":true,"href":"https:\/\/decoranimal.com\/de\/wp-json\/wp\/v2\/product_cat?post=1870"},{"taxonomy":"product_tag","embeddable":true,"href":"https:\/\/decoranimal.com\/de\/wp-json\/wp\/v2\/product_tag?post=1870"}],"curies":[{"name":"wp","href":"https:\/\/api.w.org\/{rel}","templated":true}]}}