{"id":1555,"date":"2025-09-06T10:04:16","date_gmt":"2025-09-06T10:04:16","guid":{"rendered":"https:\/\/decoranimal.com\/product\/ringline-staender\/"},"modified":"2025-09-06T10:04:16","modified_gmt":"2025-09-06T10:04:16","slug":"ringline-staender","status":"publish","type":"product","link":"https:\/\/decoranimal.com\/de\/produkt\/ringline-staender\/","title":{"rendered":"Ringline-St\u00e4nder"},"content":{"rendered":"<p data-start=\"143\" data-end=\"451\">Verbessern Sie die Mahlzeiten Ihres Haustiers mit dem <strong data-start=\"180\" data-end=\"198\">Ringline-St\u00e4nder<\/strong>, einem eleganten und modernen erh\u00f6hten Futternapfst\u00e4nder f\u00fcr Hunde und Katzen. Mit seiner einzigartigen, gestapelten Ring-Silhouette, inspiriert von schlanken kreisf\u00f6rmigen Schichten, bringt er Eleganz und Funktionalit\u00e4t in Ihr Zuhause und verbessert gleichzeitig die Fresshaltung Ihres Haustiers. <\/p>\n<p data-start=\"453\" data-end=\"725\">Der <strong data-start=\"457\" data-end=\"475\">Ringline-St\u00e4nder<\/strong> ist mehr als nur stylisch \u2013 er wurde entwickelt, um ges\u00fcndere Essgewohnheiten zu unterst\u00fctzen. Durch das Anheben der Futter- und Wassern\u00e4pfe Ihres Haustiers auf eine angenehme H\u00f6he hilft er, Nackenbelastungen zu reduzieren, die Verdauung zu f\u00f6rdern und die Mahlzeiten sauberer und organisierter zu halten. <\/p>\n<p data-start=\"727\" data-end=\"996\">Aus langlebigen, hochwertigen Materialien gefertigt, sorgt dieser erh\u00f6hte Futternapfst\u00e4nder f\u00fcr Stabilit\u00e4t und f\u00fcgt sich gleichzeitig nahtlos in moderne Innenr\u00e4ume ein. Sein minimalistisches Design verleiht einen Hauch von Raffinesse, wodurch er ebenso ein stilvolles Highlight wie ein praktisches Accessoire ist. <\/p>\n<ul data-start=\"998\" data-end=\"1240\">\n<li data-start=\"998\" data-end=\"1044\">\n<p data-start=\"1000\" data-end=\"1044\">Einzigartiges Ringstapel-Design f\u00fcr einen modernen Look<\/p>\n<\/li>\n<li data-start=\"1045\" data-end=\"1089\">\n<p data-start=\"1047\" data-end=\"1089\">F\u00f6rdert eine ges\u00fcndere Haltung und Verdauung<\/p>\n<\/li>\n<li data-start=\"1090\" data-end=\"1151\">\n<p data-start=\"1092\" data-end=\"1151\">Funktioniert als erh\u00f6hter Futternapfst\u00e4nder f\u00fcr Hunde und Katzen<\/p>\n<\/li>\n<li data-start=\"1152\" data-end=\"1190\">\n<p data-start=\"1154\" data-end=\"1190\">Langlebig, stabil und leicht zu reinigen<\/p>\n<\/li>\n<li data-start=\"1191\" data-end=\"1240\">\n<p data-start=\"1193\" data-end=\"1240\">Erg\u00e4nzt minimalistische und moderne Wohnr\u00e4ume<\/p>\n<\/li>\n<\/ul>\n<p data-start=\"1242\" data-end=\"1405\">Schenken Sie Ihrem pelzigen Freund den Komfort, den er verdient, und versch\u00f6nern Sie gleichzeitig Ihren Raum mit dem <strong data-start=\"1326\" data-end=\"1344\">Ringline-St\u00e4nder<\/strong> \u2013 die perfekte Balance aus Design, Langlebigkeit und Wohlbefinden.<\/p>\n","protected":false},"excerpt":{"rendered":"<p>Schenken Sie Ihrem pelzigen Freund den Komfort, den er verdient, und versch\u00f6nern Sie gleichzeitig Ihren Raum mit dem <strong data-start=\"1326\" data-end=\"1344\">Ringline-St\u00e4nder<\/strong> \u2013 die perfekte Balance aus Design, Langlebigkeit und Wohlbefinden.<\/p>\n","protected":false},"featured_media":983,"comment_status":"open","ping_status":"closed","template":"","meta":[],"product_brand":[],"product_cat":[131],"product_tag":[],"class_list":{"0":"post-1555","1":"product","2":"type-product","3":"status-publish","4":"has-post-thumbnail","6":"product_cat-haustierzubehor","7":"pa_color-beige","8":"pa_color-braun","9":"pa_color-grau","10":"pa_color-schwarz","11":"pa_color-weis","13":"first","14":"instock","15":"shipping-taxable","16":"purchasable","17":"product-type-variable"},"_links":{"self":[{"href":"https:\/\/decoranimal.com\/de\/wp-json\/wp\/v2\/product\/1555","targetHints":{"allow":["GET"]}}],"collection":[{"href":"https:\/\/decoranimal.com\/de\/wp-json\/wp\/v2\/product"}],"about":[{"href":"https:\/\/decoranimal.com\/de\/wp-json\/wp\/v2\/types\/product"}],"replies":[{"embeddable":true,"href":"https:\/\/decoranimal.com\/de\/wp-json\/wp\/v2\/comments?post=1555"}],"wp:featuredmedia":[{"embeddable":true,"href":"https:\/\/decoranimal.com\/de\/wp-json\/wp\/v2\/media\/983"}],"wp:attachment":[{"href":"https:\/\/decoranimal.com\/de\/wp-json\/wp\/v2\/media?parent=1555"}],"wp:term":[{"taxonomy":"product_brand","embeddable":true,"href":"https:\/\/decoranimal.com\/de\/wp-json\/wp\/v2\/product_brand?post=1555"},{"taxonomy":"product_cat","embeddable":true,"href":"https:\/\/decoranimal.com\/de\/wp-json\/wp\/v2\/product_cat?post=1555"},{"taxonomy":"product_tag","embeddable":true,"href":"https:\/\/decoranimal.com\/de\/wp-json\/wp\/v2\/product_tag?post=1555"}],"curies":[{"name":"wp","href":"https:\/\/api.w.org\/{rel}","templated":true}]}}