{"id":1450,"date":"2025-08-28T16:01:29","date_gmt":"2025-08-28T16:01:29","guid":{"rendered":"https:\/\/decoranimal.com\/product\/toy-pudel-schluesselanhaenger\/"},"modified":"2025-10-08T17:28:55","modified_gmt":"2025-10-08T17:28:55","slug":"toy-pudel-schluesselanhaenger","status":"publish","type":"product","link":"https:\/\/decoranimal.com\/de\/produkt\/toy-pudel-schluesselanhaenger\/","title":{"rendered":"Toy-Pudel Schl\u00fcsselanh\u00e4nger"},"content":{"rendered":"<p data-start=\"134\" data-end=\"189\"><strong data-start=\"134\" data-end=\"187\">Toy-Pudel Schl\u00fcsselanh\u00e4nger \u2013 Niedliches &amp; Minimalistisches Accessoire<\/strong><\/p>\n<p data-start=\"191\" data-end=\"421\">Tragen Sie \u00fcberall einen Hauch von Charme mit unserem <strong data-start=\"241\" data-end=\"264\">Toy-Pudel-Schl\u00fcsselanh\u00e4nger.<\/strong> Entworfen in einem minimalistischen, aber liebenswerten Stil, ist dieser Schl\u00fcsselanh\u00e4nger das perfekte Accessoire f\u00fcr Hundefreunde, die ihre Lieblingsrasse immer griffbereit haben m\u00f6chten.<\/p>\n<p data-start=\"423\" data-end=\"650\">Aus langlebigen Materialien gefertigt, verf\u00fcgt er \u00fcber eine detaillierte Toy-Pudel-Figur, die Ihren Schl\u00fcsseln, Taschen oder Rucks\u00e4cken Pers\u00f6nlichkeit verleiht. Leicht und praktisch ist er nicht nur ein funktionaler Schl\u00fcsselhalter, sondern auch ein stilvolles Accessoire.<\/p>\n<ul>\n<li data-start=\"652\" data-end=\"892\"><strong data-start=\"655\" data-end=\"685\">Niedliches Toy-Pudel-Design<\/strong> \u2013 perfekt f\u00fcr Hundeliebhaber<\/li>\n<li data-start=\"652\" data-end=\"892\"><strong data-start=\"716\" data-end=\"741\">Langlebig &amp; leicht<\/strong> \u2013 f\u00fcr den t\u00e4glichen Gebrauch gebaut<\/li>\n<li data-start=\"652\" data-end=\"892\"><strong data-start=\"773\" data-end=\"796\">Vielseitiges Accessoire<\/strong> \u2013 f\u00fcr Schl\u00fcssel, Handtaschen oder Rucks\u00e4cke verwendbar<\/li>\n<li data-start=\"652\" data-end=\"892\"><strong data-start=\"843\" data-end=\"874\" data-is-only-node=\"\">Minimalistischer und moderner Stil<\/strong> \u2013 passt zu jedem Look<\/li>\n<\/ul>\n<p data-start=\"894\" data-end=\"1106\">Dieser <strong data-start=\"899\" data-end=\"922\">Toy-Pudel-Schl\u00fcsselanh\u00e4nger<\/strong> ist auch ein durchdachtes Geschenk f\u00fcr Tierbesitzer und Pudel-Liebhaber. Niedlich, funktional und voller Pers\u00f6nlichkeit \u2013 das perfekte kleine Accessoire, um Ihren Alltag aufzuhellen.<\/p>\n<p data-start=\"62\" data-end=\"86\"><strong data-start=\"62\" data-end=\"84\">Produktabmessungen:<\/strong><\/p>\n<ul>\n<li><strong data-start=\"89\" data-end=\"99\">Gr\u00f6\u00dfe S<\/strong>: 2.9cm (W) \u00d7 4.7cm (H) \u00d7 3.9cm (D)<\/li>\n<\/ul>\n<ul data-start=\"87\" data-end=\"186\">\n<li data-start=\"87\" data-end=\"136\">\n<p data-start=\"89\" data-end=\"136\"><strong data-start=\"89\" data-end=\"99\">Gr\u00f6\u00dfe M<\/strong>: 3.6cm (W) \u00d7 5.8cm (H) \u00d7 4.9cm (D)<\/p>\n<\/li>\n<li><strong data-start=\"89\" data-end=\"99\">Gr\u00f6\u00dfe L<\/strong>: 4.6cm (W) \u00d7 7.3cm (H) \u00d7 6.1cm (D)<\/li>\n<\/ul>\n","protected":false},"excerpt":{"rendered":"<p>Tragen Sie \u00fcberall einen Hauch von Charme mit unserem <strong data-start=\"241\" data-end=\"264\">Toy-Pudel-Schl\u00fcsselanh\u00e4nger.<\/strong> Entworfen in einem minimalistischen, aber liebenswerten Stil, ist dieser Schl\u00fcsselanh\u00e4nger das perfekte Accessoire f\u00fcr Hundefreunde, die ihre Lieblingsrasse immer griffbereit haben m\u00f6chten.<\/p>\n","protected":false},"featured_media":4095,"comment_status":"open","ping_status":"closed","template":"","meta":[],"product_brand":[],"product_cat":[131],"product_tag":[],"class_list":{"0":"post-1450","1":"product","2":"type-product","3":"status-publish","4":"has-post-thumbnail","6":"product_cat-haustierzubehor","7":"pa_color-beige","8":"pa_color-braun","9":"pa_color-schwarz","10":"pa_color-weis","12":"first","13":"instock","14":"featured","15":"shipping-taxable","16":"purchasable","17":"product-type-variable"},"_links":{"self":[{"href":"https:\/\/decoranimal.com\/de\/wp-json\/wp\/v2\/product\/1450","targetHints":{"allow":["GET"]}}],"collection":[{"href":"https:\/\/decoranimal.com\/de\/wp-json\/wp\/v2\/product"}],"about":[{"href":"https:\/\/decoranimal.com\/de\/wp-json\/wp\/v2\/types\/product"}],"replies":[{"embeddable":true,"href":"https:\/\/decoranimal.com\/de\/wp-json\/wp\/v2\/comments?post=1450"}],"wp:featuredmedia":[{"embeddable":true,"href":"https:\/\/decoranimal.com\/de\/wp-json\/wp\/v2\/media\/4095"}],"wp:attachment":[{"href":"https:\/\/decoranimal.com\/de\/wp-json\/wp\/v2\/media?parent=1450"}],"wp:term":[{"taxonomy":"product_brand","embeddable":true,"href":"https:\/\/decoranimal.com\/de\/wp-json\/wp\/v2\/product_brand?post=1450"},{"taxonomy":"product_cat","embeddable":true,"href":"https:\/\/decoranimal.com\/de\/wp-json\/wp\/v2\/product_cat?post=1450"},{"taxonomy":"product_tag","embeddable":true,"href":"https:\/\/decoranimal.com\/de\/wp-json\/wp\/v2\/product_tag?post=1450"}],"curies":[{"name":"wp","href":"https:\/\/api.w.org\/{rel}","templated":true}]}}