{"id":1380,"date":"2025-09-05T21:39:07","date_gmt":"2025-09-05T21:39:07","guid":{"rendered":"https:\/\/decoranimal.com\/product\/the-cube\/"},"modified":"2025-11-02T17:45:50","modified_gmt":"2025-11-02T17:45:50","slug":"the-cube","status":"publish","type":"product","link":"https:\/\/decoranimal.com\/de\/produkt\/the-cube\/","title":{"rendered":"The Cube"},"content":{"rendered":"<p data-start=\"151\" data-end=\"407\">Entdecken Sie <strong data-start=\"160\" data-end=\"172\">The Cube<\/strong> \u2013 ein vielseitiges, minimalistisches M\u00f6belst\u00fcck mit markantem kubischem Design. Mehr als nur ein moderner Beistell- oder Couchtisch, dient es auch als gem\u00fctlicher R\u00fcckzugsort f\u00fcr Ihren Hund oder Ihre Katze und vereint Funktionalit\u00e4t, Komfort und Stil in einem einzigartigen M\u00f6belst\u00fcck. <\/p>\n<p data-start=\"409\" data-end=\"775\">Aus hochwertigen Materialien gefertigt, ist <strong data-start=\"439\" data-end=\"451\">The Cube<\/strong> robust, elegant und f\u00fcr Langlebigkeit konzipiert. Seine klare Geometrie verleiht ihm in jedem Raum eine skulpturale Pr\u00e4senz, w\u00e4hrend die hohle Struktur eine gesch\u00fctzte Ecke schafft, in der Ihr Haustier komfortabel ruhen kann. Ob neben Ihrem Bett, im Wohnzimmer oder als eigenst\u00e4ndiges Highlight \u2013 es passt sich nahtlos sowohl Ihren Bed\u00fcrfnissen als auch denen Ihres Haustiers an.  <\/p>\n<ul data-start=\"777\" data-end=\"1019\">\n<li data-start=\"777\" data-end=\"834\">\n<p data-start=\"779\" data-end=\"834\">Modernes Hundeh\u00e4uschen-Design, das Innenr\u00e4ume aufwertet<\/p>\n<\/li>\n<li data-start=\"835\" data-end=\"901\">\n<p data-start=\"837\" data-end=\"901\">Multifunktional \u2013 Nachttisch, Couchtisch und Haustierbett in einem<\/p>\n<\/li>\n<li data-start=\"902\" data-end=\"954\">\n<p data-start=\"904\" data-end=\"954\">Robuste Konstruktion aus hochwertigen Materialien<\/p>\n<\/li>\n<li data-start=\"955\" data-end=\"1019\">\n<p data-start=\"957\" data-end=\"1019\">Gem\u00fctlicher Innenraum, der Haustieren Komfort und Sicherheit bietet<\/p>\n<\/li>\n<\/ul>\n<p data-start=\"1021\" data-end=\"1195\"><strong data-start=\"1021\" data-end=\"1033\">The Cube<\/strong> ist mehr als nur ein M\u00f6belst\u00fcck \u2013 es ist ein multifunktionales Statement-Piece, das Sch\u00f6nheit, Funktionalit\u00e4t und Komfort in Ihr Zuhause bringt, sowohl f\u00fcr Sie als auch f\u00fcr Ihren pelzigen Begleiter.<\/p>\n<p data-start=\"62\" data-end=\"86\"><strong data-start=\"62\" data-end=\"84\">Produktabmessungen<\/strong><\/p>\n<ul data-start=\"87\" data-end=\"186\">\n<li data-start=\"87\" data-end=\"136\">\n<p data-start=\"89\" data-end=\"136\"><strong data-start=\"89\" data-end=\"99\">Gr\u00f6\u00dfe S<\/strong>: 51.3cm (W) \u00d7 51.3cm (H) \u00d7 42.0cm (D)<\/p>\n<\/li>\n<li data-start=\"137\" data-end=\"186\">\n<p data-start=\"139\" data-end=\"186\"><strong data-start=\"139\" data-end=\"149\">Gr\u00f6\u00dfe M<\/strong>: 61.3cm (W) \u00d7 61.3cm (H) \u00d7 52.0cm (D)<\/p>\n<\/li>\n<\/ul>\n","protected":false},"excerpt":{"rendered":"<p>Geben Sie Ihrem pelzigen Freund den Komfort, den er verdient, mit unserem minimalistischen Haustierbett, inspiriert von der Form eines W\u00fcrfelhauses. Mit einer einzigartigen, puzzleartigen Struktur entworfen, vereint dieses Bett Funktionalit\u00e4t, Stil und Langlebigkeit und ist somit die perfekte Erg\u00e4nzung f\u00fcr jedes moderne Zuhause.<\/p>\n","protected":false},"featured_media":2853,"comment_status":"open","ping_status":"closed","template":"","meta":[],"product_brand":[],"product_cat":[98],"product_tag":[],"class_list":{"0":"post-1380","1":"product","2":"type-product","3":"status-publish","4":"has-post-thumbnail","6":"product_cat-haustierbetten","8":"first","9":"instock","10":"featured","11":"shipping-taxable","12":"purchasable","13":"product-type-variable"},"_links":{"self":[{"href":"https:\/\/decoranimal.com\/de\/wp-json\/wp\/v2\/product\/1380","targetHints":{"allow":["GET"]}}],"collection":[{"href":"https:\/\/decoranimal.com\/de\/wp-json\/wp\/v2\/product"}],"about":[{"href":"https:\/\/decoranimal.com\/de\/wp-json\/wp\/v2\/types\/product"}],"replies":[{"embeddable":true,"href":"https:\/\/decoranimal.com\/de\/wp-json\/wp\/v2\/comments?post=1380"}],"wp:featuredmedia":[{"embeddable":true,"href":"https:\/\/decoranimal.com\/de\/wp-json\/wp\/v2\/media\/2853"}],"wp:attachment":[{"href":"https:\/\/decoranimal.com\/de\/wp-json\/wp\/v2\/media?parent=1380"}],"wp:term":[{"taxonomy":"product_brand","embeddable":true,"href":"https:\/\/decoranimal.com\/de\/wp-json\/wp\/v2\/product_brand?post=1380"},{"taxonomy":"product_cat","embeddable":true,"href":"https:\/\/decoranimal.com\/de\/wp-json\/wp\/v2\/product_cat?post=1380"},{"taxonomy":"product_tag","embeddable":true,"href":"https:\/\/decoranimal.com\/de\/wp-json\/wp\/v2\/product_tag?post=1380"}],"curies":[{"name":"wp","href":"https:\/\/api.w.org\/{rel}","templated":true}]}}