{"id":1259,"date":"2025-08-28T06:27:59","date_gmt":"2025-08-28T06:27:59","guid":{"rendered":"https:\/\/decoranimal.com\/product\/the-home\/"},"modified":"2025-09-26T17:45:42","modified_gmt":"2025-09-26T17:45:42","slug":"the-home","status":"publish","type":"product","link":"https:\/\/decoranimal.com\/de\/produkt\/the-home\/","title":{"rendered":"The Home"},"content":{"rendered":"<p>Geben Sie Ihrem pelzigen Freund den Komfort, den er verdient, mit unserem minimalistischen Haustierbett, inspiriert von der Form eines traditionellen Hauses. Mit einer einzigartigen, puzzleartigen Struktur entworfen, vereint dieses Bett Funktionalit\u00e4t, Stil und Langlebigkeit und ist somit die perfekte Erg\u00e4nzung f\u00fcr jedes moderne Zuhause.<\/p>\n<p>Aus hochwertigem Holz und erstklassigem Stoff gefertigt, ist dieses Haustierbett sowohl robust als auch elegant. Die Puzzle-Montage erleichtert den Aufbau, sorgt f\u00fcr Stabilit\u00e4t nach dem Zusammenbau und wirkt mit seinen klaren Linien und minimalistischen Silhouette besonders ansprechend. Das hausf\u00f6rmige Design bietet Ihrem Haustier ein gem\u00fctliches Gef\u00fchl von Schutz und f\u00fcgt sich gleichzeitig nahtlos in zeitgen\u00f6ssische Innenr\u00e4ume ein.<\/p>\n<ul>\n<li>Minimalistisches Design, das moderne R\u00e4ume erg\u00e4nzt<\/li>\n<li>Puzzle-Struktur \u2013 einfach zusammenzubauen, stabil und langlebig<\/li>\n<li>Hergestellt aus Holz &amp; Stoff f\u00fcr ein nat\u00fcrliches und robustes Finish<\/li>\n<li>Hausf\u00f6rmiges Bett, das Haustieren Komfort und Sicherheit bietet<\/li>\n<\/ul>\n<p>Dieses minimalistische Haustierbett ist mehr als nur M\u00f6bel \u2013 es ist ein stilvoller, funktionaler R\u00fcckzugsort f\u00fcr Ihren Hund oder Ihre Katze, langlebig gebaut und so gestaltet, dass es in Ihrem Zuhause sch\u00f6n aussieht.<\/p>\n<p data-start=\"62\" data-end=\"86\"><strong data-start=\"62\" data-end=\"84\">Produktabmessungen<\/strong><\/p>\n<ul data-start=\"87\" data-end=\"186\">\n<li data-start=\"87\" data-end=\"136\">\n<p data-start=\"89\" data-end=\"136\"><strong data-start=\"89\" data-end=\"99\">Gr\u00f6\u00dfe S<\/strong>: 51.3cm (W) \u00d7 53.6cm (H) \u00d7 42.0cm (D)<\/p>\n<\/li>\n<li data-start=\"137\" data-end=\"186\">\n<p data-start=\"139\" data-end=\"186\"><strong data-start=\"139\" data-end=\"149\">Gr\u00f6\u00dfe M<\/strong>: 57.0cm (W) \u00d7 60.4cm (H) \u00d7 52.0cm (D)<\/p>\n<\/li>\n<\/ul>\n","protected":false},"excerpt":{"rendered":"<p>Geben Sie Ihrem pelzigen Freund den Komfort, den er verdient, mit unserem minimalistischen Haustierbett, inspiriert von der Form eines traditionellen Hauses. Mit einer einzigartigen, puzzleartigen Struktur entworfen, vereint dieses Bett Funktionalit\u00e4t, Stil und Langlebigkeit und ist somit die perfekte Erg\u00e4nzung f\u00fcr jedes moderne Zuhause.<\/p>\n","protected":false},"featured_media":1271,"comment_status":"open","ping_status":"closed","template":"","meta":[],"product_brand":[],"product_cat":[98],"product_tag":[],"class_list":{"0":"post-1259","1":"product","2":"type-product","3":"status-publish","4":"has-post-thumbnail","6":"product_cat-haustierbetten","8":"first","9":"instock","10":"featured","11":"shipping-taxable","12":"purchasable","13":"product-type-variable"},"_links":{"self":[{"href":"https:\/\/decoranimal.com\/de\/wp-json\/wp\/v2\/product\/1259","targetHints":{"allow":["GET"]}}],"collection":[{"href":"https:\/\/decoranimal.com\/de\/wp-json\/wp\/v2\/product"}],"about":[{"href":"https:\/\/decoranimal.com\/de\/wp-json\/wp\/v2\/types\/product"}],"replies":[{"embeddable":true,"href":"https:\/\/decoranimal.com\/de\/wp-json\/wp\/v2\/comments?post=1259"}],"wp:featuredmedia":[{"embeddable":true,"href":"https:\/\/decoranimal.com\/de\/wp-json\/wp\/v2\/media\/1271"}],"wp:attachment":[{"href":"https:\/\/decoranimal.com\/de\/wp-json\/wp\/v2\/media?parent=1259"}],"wp:term":[{"taxonomy":"product_brand","embeddable":true,"href":"https:\/\/decoranimal.com\/de\/wp-json\/wp\/v2\/product_brand?post=1259"},{"taxonomy":"product_cat","embeddable":true,"href":"https:\/\/decoranimal.com\/de\/wp-json\/wp\/v2\/product_cat?post=1259"},{"taxonomy":"product_tag","embeddable":true,"href":"https:\/\/decoranimal.com\/de\/wp-json\/wp\/v2\/product_tag?post=1259"}],"curies":[{"name":"wp","href":"https:\/\/api.w.org\/{rel}","templated":true}]}}